{"id":415,"date":"2023-12-15T11:24:13","date_gmt":"2023-12-15T10:24:13","guid":{"rendered":"http:\/\/vomed.kreativision.net\/?page_id=415"},"modified":"2024-07-12T11:18:07","modified_gmt":"2024-07-12T09:18:07","slug":"special-line","status":"publish","type":"page","link":"https:\/\/www.vomed.de\/en\/special-line\/","title":{"rendered":"Special.Line"},"content":{"rendered":"<div data-elementor-type=\"wp-page\" data-elementor-id=\"415\" class=\"elementor elementor-415\" data-elementor-post-type=\"page\">\n\t\t\t\t<div class=\"elementor-element elementor-element-35d9928 e-con-full e-flex e-con e-parent\" data-id=\"35d9928\" data-element_type=\"container\" data-settings=\"{&quot;background_background&quot;:&quot;classic&quot;}\">\n\t\t<div class=\"elementor-element elementor-element-a6c4f7c e-con-full e-flex e-con e-child\" data-id=\"a6c4f7c\" data-element_type=\"container\" data-settings=\"{&quot;background_background&quot;:&quot;classic&quot;}\">\n\t\t\t\t<div class=\"elementor-element elementor-element-ab65cc0 elementor-widget elementor-widget-text-editor\" data-id=\"ab65cc0\" data-element_type=\"widget\" data-widget_type=\"text-editor.default\">\n\t\t\t\t<div class=\"elementor-widget-container\">\n\t\t\t\t\t\t\t\t\t<p>VOMED makes many things possible<\/p>\t\t\t\t\t\t\t\t<\/div>\n\t\t\t\t<\/div>\n\t\t\t\t<div class=\"elementor-element elementor-element-653ec5b elementor-widget elementor-widget-heading\" data-id=\"653ec5b\" data-element_type=\"widget\" data-widget_type=\"heading.default\">\n\t\t\t\t<div class=\"elementor-widget-container\">\n\t\t\t\t\t<h1 class=\"elementor-heading-title elementor-size-default\">SPECIAL.LINE<\/h1>\t\t\t\t<\/div>\n\t\t\t\t<\/div>\n\t\t\t\t<\/div>\n\t\t\t\t<\/div>\n\t\t<div class=\"elementor-element elementor-element-f049ee9 e-con-full e-flex e-con e-parent\" data-id=\"f049ee9\" data-element_type=\"container\">\n\t\t\t\t<div class=\"elementor-element elementor-element-8772aed elementor-widget elementor-widget-heading\" data-id=\"8772aed\" data-element_type=\"widget\" data-widget_type=\"heading.default\">\n\t\t\t\t<div class=\"elementor-widget-container\">\n\t\t\t\t\t<h2 class=\"elementor-heading-title elementor-size-default\">Customized innovations<\/h2>\t\t\t\t<\/div>\n\t\t\t\t<\/div>\n\t\t\t\t<div class=\"elementor-element elementor-element-29c133e elementor-widget elementor-widget-heading\" data-id=\"29c133e\" data-element_type=\"widget\" data-widget_type=\"heading.default\">\n\t\t\t\t<div class=\"elementor-widget-container\">\n\t\t\t\t\t<h2 class=\"elementor-heading-title elementor-size-default\">Custom-made products from VOMED<\/h2>\t\t\t\t<\/div>\n\t\t\t\t<\/div>\n\t\t\t\t<\/div>\n\t\t<div class=\"elementor-element elementor-element-0a8dd82 e-con-full e-flex e-con e-parent\" data-id=\"0a8dd82\" data-element_type=\"container\">\n\t\t<div class=\"elementor-element elementor-element-3de1ad6 e-con-full e-flex e-con e-child\" data-id=\"3de1ad6\" data-element_type=\"container\">\n\t\t\t\t<div class=\"elementor-element elementor-element-1eb3cc0 elementor-widget elementor-widget-text-editor\" data-id=\"1eb3cc0\" data-element_type=\"widget\" data-widget_type=\"text-editor.default\">\n\t\t\t\t<div class=\"elementor-widget-container\">\n\t\t\t\t\t\t\t\t\t<p>VOMED is characterized by a particular strength in its technical creativity. We are the ideal partner for developing exceptional solutions that meet special and individual requirements.<\/p>\t\t\t\t\t\t\t\t<\/div>\n\t\t\t\t<\/div>\n\t\t\t\t<\/div>\n\t\t<div class=\"elementor-element elementor-element-ee80a8f e-con-full e-flex e-con e-child\" data-id=\"ee80a8f\" data-element_type=\"container\">\n\t\t\t\t<div class=\"elementor-element elementor-element-d07f0f9 elementor-widget elementor-widget-text-editor\" data-id=\"d07f0f9\" data-element_type=\"widget\" data-widget_type=\"text-editor.default\">\n\t\t\t\t<div class=\"elementor-widget-container\">\n\t\t\t\t\t\t\t\t\t<p>In doing so, we not only keep an eye on what is technically feasible, but also always attach importance to cost-effectiveness - in the interests of our customers.<\/p>\t\t\t\t\t\t\t\t<\/div>\n\t\t\t\t<\/div>\n\t\t\t\t<div class=\"elementor-element elementor-element-8159c03 elementor-widget elementor-widget-button\" data-id=\"8159c03\" data-element_type=\"widget\" data-widget_type=\"button.default\">\n\t\t\t\t<div class=\"elementor-widget-container\">\n\t\t\t\t\t\t\t\t\t<div class=\"elementor-button-wrapper\">\n\t\t\t\t\t<a class=\"elementor-button elementor-button-link elementor-size-sm elementor-animation-shrink\" href=\"http:\/\/vomed.kreativision.net\/wp-content\/uploads\/2023\/12\/VOMEDProduktkatalogSpezialanfertigungen-CustomizedSolutions-dt-engl.pdf\" target=\"_blank\">\n\t\t\t\t\t\t<span class=\"elementor-button-content-wrapper\">\n\t\t\t\t\t\t\t\t\t<span class=\"elementor-button-text\">Product catalog: Special.LINE<\/span>\n\t\t\t\t\t<\/span>\n\t\t\t\t\t<\/a>\n\t\t\t\t<\/div>\n\t\t\t\t\t\t\t\t<\/div>\n\t\t\t\t<\/div>\n\t\t\t\t<\/div>\n\t\t\t\t<\/div>\n\t\t<div class=\"elementor-element elementor-element-ab7e1d1 e-con-full e-flex e-con e-parent\" data-id=\"ab7e1d1\" data-element_type=\"container\">\n\t\t<div class=\"elementor-element elementor-element-f893aa8 e-con-full animated-slow e-flex elementor-invisible e-con e-child\" data-id=\"f893aa8\" data-element_type=\"container\" data-settings=\"{&quot;background_background&quot;:&quot;classic&quot;,&quot;animation&quot;:&quot;fadeInUp&quot;}\">\n\t\t\t\t<div class=\"elementor-element elementor-element-e1d65e1 elementor-widget elementor-widget-heading\" data-id=\"e1d65e1\" data-element_type=\"widget\" data-widget_type=\"heading.default\">\n\t\t\t\t<div class=\"elementor-widget-container\">\n\t\t\t\t\t<h2 class=\"elementor-heading-title elementor-size-default\">1. consulting and needs analysis<\/h2>\t\t\t\t<\/div>\n\t\t\t\t<\/div>\n\t\t\t\t<div class=\"elementor-element elementor-element-246dfc3 elementor-widget elementor-widget-text-editor\" data-id=\"246dfc3\" data-element_type=\"widget\" data-widget_type=\"text-editor.default\">\n\t\t\t\t<div class=\"elementor-widget-container\">\n\t\t\t\t\t\t\t\t\t<p>Our process begins with a thorough needs analysis. We listen carefully to understand your requirements and needs. Together we define the specifications and features of the instrument you need.<\/p>\t\t\t\t\t\t\t\t<\/div>\n\t\t\t\t<\/div>\n\t\t\t\t<\/div>\n\t\t<div class=\"elementor-element elementor-element-7184f67 e-con-full animated-fast e-flex elementor-invisible e-con e-child\" data-id=\"7184f67\" data-element_type=\"container\" data-settings=\"{&quot;background_background&quot;:&quot;classic&quot;,&quot;animation&quot;:&quot;fadeInUp&quot;}\">\n\t\t\t\t<div class=\"elementor-element elementor-element-be3ee2a elementor-widget elementor-widget-heading\" data-id=\"be3ee2a\" data-element_type=\"widget\" data-widget_type=\"heading.default\">\n\t\t\t\t<div class=\"elementor-widget-container\">\n\t\t\t\t\t<h2 class=\"elementor-heading-title elementor-size-default\">2. individual development<\/h2>\t\t\t\t<\/div>\n\t\t\t\t<\/div>\n\t\t\t\t<div class=\"elementor-element elementor-element-11ebd42 elementor-widget elementor-widget-text-editor\" data-id=\"11ebd42\" data-element_type=\"widget\" data-widget_type=\"text-editor.default\">\n\t\t\t\t<div class=\"elementor-widget-container\">\n\t\t\t\t\t\t\t\t\t<p>Our experienced master craftsmen and technicians implement the recorded requirements with great precision and expertise, meticulously adhering to all guidelines and specifications. The result is a tailor-made instrument that meets the highest quality standards and fully satisfies your individual requirements.<\/p>\t\t\t\t\t\t\t\t<\/div>\n\t\t\t\t<\/div>\n\t\t\t\t<\/div>\n\t\t<div class=\"elementor-element elementor-element-d11dbe1 e-con-full e-flex elementor-invisible e-con e-child\" data-id=\"d11dbe1\" data-element_type=\"container\" data-settings=\"{&quot;background_background&quot;:&quot;classic&quot;,&quot;animation&quot;:&quot;fadeInUp&quot;}\">\n\t\t\t\t<div class=\"elementor-element elementor-element-60f67d3 elementor-widget elementor-widget-heading\" data-id=\"60f67d3\" data-element_type=\"widget\" data-widget_type=\"heading.default\">\n\t\t\t\t<div class=\"elementor-widget-container\">\n\t\t\t\t\t<h2 class=\"elementor-heading-title elementor-size-default\">3. production and delivery \n<\/h2>\t\t\t\t<\/div>\n\t\t\t\t<\/div>\n\t\t\t\t<div class=\"elementor-element elementor-element-893332a elementor-widget elementor-widget-text-editor\" data-id=\"893332a\" data-element_type=\"widget\" data-widget_type=\"text-editor.default\">\n\t\t\t\t<div class=\"elementor-widget-container\">\n\t\t\t\t\t\t\t\t\t<p>As soon as the development has been completed and all the necessary approvals have been obtained, we start production of your customized instrument. Our production facilities are equipped with state-of-the-art machinery to ensure precision and efficiency. After thorough quality control, your instrument is carefully packaged and delivered on time.<\/p>\t\t\t\t\t\t\t\t<\/div>\n\t\t\t\t<\/div>\n\t\t\t\t<\/div>\n\t\t\t\t<\/div>\n\t\t<div class=\"elementor-element elementor-element-414cc3c e-con-full e-flex e-con e-parent\" data-id=\"414cc3c\" data-element_type=\"container\">\n\t\t<div class=\"elementor-element elementor-element-d510f9f e-con-full e-flex e-con e-child\" data-id=\"d510f9f\" data-element_type=\"container\">\n\t\t\t\t<div class=\"elementor-element elementor-element-52ab196 elementor-widget elementor-widget-image\" data-id=\"52ab196\" data-element_type=\"widget\" data-widget_type=\"image.default\">\n\t\t\t\t<div class=\"elementor-widget-container\">\n\t\t\t\t\t\t\t\t\t\t\t\t\t\t\t<img fetchpriority=\"high\" decoding=\"async\" width=\"750\" height=\"829\" src=\"https:\/\/www.vomed.de\/wp-content\/uploads\/2023\/12\/VOMED_Key_visual-926x1024.jpg\" class=\"attachment-large size-large wp-image-550\" alt=\"\" srcset=\"https:\/\/www.vomed.de\/wp-content\/uploads\/2023\/12\/VOMED_Key_visual-926x1024.jpg 926w, https:\/\/www.vomed.de\/wp-content\/uploads\/2023\/12\/VOMED_Key_visual-271x300.jpg 271w, https:\/\/www.vomed.de\/wp-content\/uploads\/2023\/12\/VOMED_Key_visual-768x849.jpg 768w, https:\/\/www.vomed.de\/wp-content\/uploads\/2023\/12\/VOMED_Key_visual.jpg 1200w\" sizes=\"(max-width: 750px) 100vw, 750px\" style=\"width:100%;height:110.58%;max-width:1200px\" \/>\t\t\t\t\t\t\t\t\t\t\t\t\t\t\t<\/div>\n\t\t\t\t<\/div>\n\t\t\t\t<\/div>\n\t\t<div class=\"elementor-element elementor-element-fd5b09f e-con-full e-flex e-con e-child\" data-id=\"fd5b09f\" data-element_type=\"container\">\n\t\t\t\t<div class=\"elementor-element elementor-element-bac52a7 elementor-widget elementor-widget-heading\" data-id=\"bac52a7\" data-element_type=\"widget\" data-widget_type=\"heading.default\">\n\t\t\t\t<div class=\"elementor-widget-container\">\n\t\t\t\t\t<h2 class=\"elementor-heading-title elementor-size-default\">Quality management<\/h2>\t\t\t\t<\/div>\n\t\t\t\t<\/div>\n\t\t\t\t<div class=\"elementor-element elementor-element-68058dd elementor-widget elementor-widget-heading\" data-id=\"68058dd\" data-element_type=\"widget\" data-widget_type=\"heading.default\">\n\t\t\t\t<div class=\"elementor-widget-container\">\n\t\t\t\t\t<h2 class=\"elementor-heading-title elementor-size-default\">Performance. Passionately precise.<\/h2>\t\t\t\t<\/div>\n\t\t\t\t<\/div>\n\t\t\t\t<div class=\"elementor-element elementor-element-898d1a9 elementor-widget elementor-widget-text-editor\" data-id=\"898d1a9\" data-element_type=\"widget\" data-widget_type=\"text-editor.default\">\n\t\t\t\t<div class=\"elementor-widget-container\">\n\t\t\t\t\t\t\t\t\t<p>Quality management is a central component of our corporate philosophy at VOMED. We are proud that our processes and products meet the highest international standards. As proof of our commitment to quality and customer satisfaction, we are certified in accordance with the DIN EN ISO 13485:2016 standard.<\/p><p>\u00a0<\/p><p>This standard ensures that all aspects of our product development, manufacturing and supply chain are strictly controlled and documented. This holistic approach enables us to ensure that our medical instruments and products meet the most stringent quality standards and guarantee safety and efficacy for our customers.<\/p><p>\u00a0<\/p><p><strong>The most important thing for you: our products come with all the necessary documents.<\/strong><\/p>\t\t\t\t\t\t\t\t<\/div>\n\t\t\t\t<\/div>\n\t\t\t\t<div class=\"elementor-element elementor-element-98eec64 elementor-widget elementor-widget-button\" data-id=\"98eec64\" data-element_type=\"widget\" data-widget_type=\"button.default\">\n\t\t\t\t<div class=\"elementor-widget-container\">\n\t\t\t\t\t\t\t\t\t<div class=\"elementor-button-wrapper\">\n\t\t\t\t\t<a class=\"elementor-button elementor-button-link elementor-size-sm elementor-animation-shrink\" href=\"http:\/\/vomed.kreativision.net\/wp-content\/uploads\/2024\/07\/vomed_zertifikat_2026.pdf\" target=\"_blank\">\n\t\t\t\t\t\t<span class=\"elementor-button-content-wrapper\">\n\t\t\t\t\t\t\t\t\t<span class=\"elementor-button-text\">Certificate DIN EN ISO 13485:2016<\/span>\n\t\t\t\t\t<\/span>\n\t\t\t\t\t<\/a>\n\t\t\t\t<\/div>\n\t\t\t\t\t\t\t\t<\/div>\n\t\t\t\t<\/div>\n\t\t\t\t<\/div>\n\t\t\t\t<\/div>\n\t\t\t\t<\/div>","protected":false},"excerpt":{"rendered":"<p>VOMED macht vieles m\u00f6glich SPECIAL.LINE Ma\u00dfgeschneiderte Innovationen Sonderanfertigungen von VOMED VOMED zeichnet sich durch eine besondere St\u00e4rke in seiner technischen Kreativit\u00e4t aus. Wir sind der ideale Partner f\u00fcr die Entwicklung au\u00dfergew\u00f6hnlicher L\u00f6sungen, die spezielle und individuelle Anforderungen erf\u00fcllen. Dabei behalten wir nicht nur das technisch Machbare im Blick, sondern legen auch stets Wert auf Wirtschaftlichkeit&hellip; <a class=\"more-link\" href=\"https:\/\/www.vomed.de\/en\/special-line\/\">Continue reading <span class=\"screen-reader-text\">Special.Line<\/span><\/a><\/p>","protected":false},"author":1,"featured_media":0,"parent":0,"menu_order":0,"comment_status":"closed","ping_status":"closed","template":"elementor_header_footer","meta":{"footnotes":""},"class_list":["post-415","page","type-page","status-publish","hentry","entry"],"_links":{"self":[{"href":"https:\/\/www.vomed.de\/en\/wp-json\/wp\/v2\/pages\/415","targetHints":{"allow":["GET"]}}],"collection":[{"href":"https:\/\/www.vomed.de\/en\/wp-json\/wp\/v2\/pages"}],"about":[{"href":"https:\/\/www.vomed.de\/en\/wp-json\/wp\/v2\/types\/page"}],"author":[{"embeddable":true,"href":"https:\/\/www.vomed.de\/en\/wp-json\/wp\/v2\/users\/1"}],"replies":[{"embeddable":true,"href":"https:\/\/www.vomed.de\/en\/wp-json\/wp\/v2\/comments?post=415"}],"version-history":[{"count":76,"href":"https:\/\/www.vomed.de\/en\/wp-json\/wp\/v2\/pages\/415\/revisions"}],"predecessor-version":[{"id":1128,"href":"https:\/\/www.vomed.de\/en\/wp-json\/wp\/v2\/pages\/415\/revisions\/1128"}],"wp:attachment":[{"href":"https:\/\/www.vomed.de\/en\/wp-json\/wp\/v2\/media?parent=415"}],"curies":[{"name":"wp","href":"https:\/\/api.w.org\/{rel}","templated":true}]}}