{"id":387,"date":"2023-12-15T10:55:01","date_gmt":"2023-12-15T09:55:01","guid":{"rendered":"http:\/\/vomed.kreativision.net\/?page_id=387"},"modified":"2023-12-18T09:06:15","modified_gmt":"2023-12-18T08:06:15","slug":"informationen-fuer-mitarbeiter","status":"publish","type":"page","link":"https:\/\/www.vomed.de\/en\/datenschutz\/informationen-fuer-mitarbeiter\/","title":{"rendered":"Informationen f\u00fcr Mitarbeiter"},"content":{"rendered":"<div data-elementor-type=\"wp-page\" data-elementor-id=\"387\" class=\"elementor elementor-387\" data-elementor-post-type=\"page\">\n\t\t\t\t<div class=\"elementor-element elementor-element-35d9928 e-con-full e-flex e-con e-parent\" data-id=\"35d9928\" data-element_type=\"container\" data-settings=\"{&quot;background_background&quot;:&quot;classic&quot;}\">\n\t\t<div class=\"elementor-element elementor-element-a6c4f7c e-con-full e-flex e-con e-child\" data-id=\"a6c4f7c\" data-element_type=\"container\" data-settings=\"{&quot;background_background&quot;:&quot;classic&quot;}\">\n\t\t\t\t<div class=\"elementor-element elementor-element-653ec5b elementor-widget elementor-widget-heading\" data-id=\"653ec5b\" data-element_type=\"widget\" data-widget_type=\"heading.default\">\n\t\t\t\t<div class=\"elementor-widget-container\">\n\t\t\t\t\t<h3 class=\"elementor-heading-title elementor-size-default\">Informationen f\u00fcr Mitarbeiter<\/h3>\t\t\t\t<\/div>\n\t\t\t\t<\/div>\n\t\t\t\t<\/div>\n\t\t\t\t<\/div>\n\t\t<div class=\"elementor-element elementor-element-f049ee9 e-con-full e-flex e-con e-parent\" data-id=\"f049ee9\" data-element_type=\"container\">\n\t\t\t\t<div class=\"elementor-element elementor-element-8772aed elementor-widget elementor-widget-heading\" data-id=\"8772aed\" data-element_type=\"widget\" data-widget_type=\"heading.default\">\n\t\t\t\t<div class=\"elementor-widget-container\">\n\t\t\t\t\t<h2 class=\"elementor-heading-title elementor-size-default\">Datenschutzinformation f\u00fcr Mitarbeiter nach Art. 13 und Art.14 der Datenschutz-Grundverordnung DSGVO<\/h2>\t\t\t\t<\/div>\n\t\t\t\t<\/div>\n\t\t\t\t<div class=\"elementor-element elementor-element-b2a504f elementor-widget elementor-widget-text-editor\" data-id=\"b2a504f\" data-element_type=\"widget\" data-widget_type=\"text-editor.default\">\n\t\t\t\t<div class=\"elementor-widget-container\">\n\t\t\t\t\t\t\t\t\t<p>Datenschutz ist f\u00fcr uns ein wichtiges Anliegen. Nachfolgend informieren wir Sie, wie wir Ihre Daten verarbeiten und welche Rechte Ihnen zustehen.<\/p>\t\t\t\t\t\t\t\t<\/div>\n\t\t\t\t<\/div>\n\t\t\t\t<div class=\"elementor-element elementor-element-1e90e6b elementor-widget elementor-widget-heading\" data-id=\"1e90e6b\" data-element_type=\"widget\" data-widget_type=\"heading.default\">\n\t\t\t\t<div class=\"elementor-widget-container\">\n\t\t\t\t\t<h2 class=\"elementor-heading-title elementor-size-default\">1. Wer ist f\u00fcr die Datenverarbeitung verantwortlich und an wen k\u00f6nnen Sie sich wenden?<\/h2>\t\t\t\t<\/div>\n\t\t\t\t<\/div>\n\t\t\t\t<div class=\"elementor-element elementor-element-1c7f949 elementor-widget elementor-widget-text-editor\" data-id=\"1c7f949\" data-element_type=\"widget\" data-widget_type=\"text-editor.default\">\n\t\t\t\t<div class=\"elementor-widget-container\">\n\t\t\t\t\t\t\t\t\t<p>VOMED Volzer Medizintechnik GmbH &amp; Co. KG<br \/>In G\u00f6hren 25<br \/>D-78532 Tuttlingen<br \/>Telefon: +49 7461 965700<br \/>Fax: +49 7461 9657050<br \/>E-Mail-Adresse: <a>datenschutz(at)vomed.de<\/a><\/p>\t\t\t\t\t\t\t\t<\/div>\n\t\t\t\t<\/div>\n\t\t\t\t<div class=\"elementor-element elementor-element-f0d612d elementor-widget elementor-widget-heading\" data-id=\"f0d612d\" data-element_type=\"widget\" data-widget_type=\"heading.default\">\n\t\t\t\t<div class=\"elementor-widget-container\">\n\t\t\t\t\t<h2 class=\"elementor-heading-title elementor-size-default\">2. Kontaktdaten des Datenschutzbeauftragten<\/h2>\t\t\t\t<\/div>\n\t\t\t\t<\/div>\n\t\t\t\t<div class=\"elementor-element elementor-element-95b52ee elementor-widget elementor-widget-text-editor\" data-id=\"95b52ee\" data-element_type=\"widget\" data-widget_type=\"text-editor.default\">\n\t\t\t\t<div class=\"elementor-widget-container\">\n\t\t\t\t\t\t\t\t\t<p>Edmund Hilt<br \/>hilt evolution<br \/><a>datenschutz(at)hilt-evolution.com<\/a><\/p>\t\t\t\t\t\t\t\t<\/div>\n\t\t\t\t<\/div>\n\t\t\t\t<div class=\"elementor-element elementor-element-53b0233 elementor-widget elementor-widget-heading\" data-id=\"53b0233\" data-element_type=\"widget\" data-widget_type=\"heading.default\">\n\t\t\t\t<div class=\"elementor-widget-container\">\n\t\t\t\t\t<h2 class=\"elementor-heading-title elementor-size-default\">3. Verarbeitungszwecke und Rechtsgrundlage<\/h2>\t\t\t\t<\/div>\n\t\t\t\t<\/div>\n\t\t\t\t<div class=\"elementor-element elementor-element-e8a8853 elementor-widget elementor-widget-text-editor\" data-id=\"e8a8853\" data-element_type=\"widget\" data-widget_type=\"text-editor.default\">\n\t\t\t\t<div class=\"elementor-widget-container\">\n\t\t\t\t\t\t\t\t\t<p>Ihre personenbezogenen Daten werden nach den Bestimmungen der Datenschutz-Grundverordnung (DSGVO), dem Bundesdatenschutzgesetz BDSG und anderen relevanten Datenschutzvorschriften verarbeitet. In unseren Vertragsunterlagen, Formularen, Einwilligungserkl\u00e4rungen und den anderen Ihnen zur Verf\u00fcgung gestellten Informationen (z.B. auf der Webseite oder in den Gesch\u00e4ftsbedingungen) k\u00f6nnen Sie weitere Details und Erg\u00e4nzungen zu den Verarbeitungszwecken entnehmen.<\/p>\t\t\t\t\t\t\t\t<\/div>\n\t\t\t\t<\/div>\n\t\t\t\t<div class=\"elementor-element elementor-element-fb60ef1 elementor-widget elementor-widget-heading\" data-id=\"fb60ef1\" data-element_type=\"widget\" data-widget_type=\"heading.default\">\n\t\t\t\t<div class=\"elementor-widget-container\">\n\t\t\t\t\t<h2 class=\"elementor-heading-title elementor-size-default\">3.1 Einwilligung (Art. 6 Abs. 1 Buchst. a  DSGVO)<\/h2>\t\t\t\t<\/div>\n\t\t\t\t<\/div>\n\t\t\t\t<div class=\"elementor-element elementor-element-7b9b3e1 elementor-widget elementor-widget-text-editor\" data-id=\"7b9b3e1\" data-element_type=\"widget\" data-widget_type=\"text-editor.default\">\n\t\t\t\t<div class=\"elementor-widget-container\">\n\t\t\t\t\t\t\t\t\t<p>Falls Sie uns eine Einwilligung zur Verarbeitung von personenbezogenen Daten erteilt haben, ist die jeweilige Einwilligung Rechtsgrundlage f\u00fcr die dort genannte Verarbeitung. Sie k\u00f6nnen Einwilligungen jederzeit mit Wirkung f\u00fcr die Zukunft widerrufen.<\/p>\t\t\t\t\t\t\t\t<\/div>\n\t\t\t\t<\/div>\n\t\t\t\t<div class=\"elementor-element elementor-element-20f20a3 elementor-widget elementor-widget-heading\" data-id=\"20f20a3\" data-element_type=\"widget\" data-widget_type=\"heading.default\">\n\t\t\t\t<div class=\"elementor-widget-container\">\n\t\t\t\t\t<h2 class=\"elementor-heading-title elementor-size-default\">3.2 Erf\u00fcllung von vertraglichen Pflichten (Art. 6 Abs. 1 Buchst. b  DSGVO)<\/h2>\t\t\t\t<\/div>\n\t\t\t\t<\/div>\n\t\t\t\t<div class=\"elementor-element elementor-element-e8b1bb9 elementor-widget elementor-widget-text-editor\" data-id=\"e8b1bb9\" data-element_type=\"widget\" data-widget_type=\"text-editor.default\">\n\t\t\t\t<div class=\"elementor-widget-container\">\n\t\t\t\t\t\t\t\t\t<p>Wir verarbeiten Ihre personenbezogenen Daten auf Grundlage unserer Arbeitsvertr\u00e4ge mit Ihnen. Die Daten ben\u00f6tigen wir zur Aufrechterhaltung des Arbeitsverh\u00e4ltnisses.<\/p>\t\t\t\t\t\t\t\t<\/div>\n\t\t\t\t<\/div>\n\t\t\t\t<div class=\"elementor-element elementor-element-17e5433 elementor-widget elementor-widget-heading\" data-id=\"17e5433\" data-element_type=\"widget\" data-widget_type=\"heading.default\">\n\t\t\t\t<div class=\"elementor-widget-container\">\n\t\t\t\t\t<h2 class=\"elementor-heading-title elementor-size-default\">3.3 Erf\u00fcllung rechtlicher Verpflichtungen (Art. 6 Abs. 1 c DSGVO)<\/h2>\t\t\t\t<\/div>\n\t\t\t\t<\/div>\n\t\t\t\t<div class=\"elementor-element elementor-element-7c29f02 elementor-widget elementor-widget-text-editor\" data-id=\"7c29f02\" data-element_type=\"widget\" data-widget_type=\"text-editor.default\">\n\t\t\t\t<div class=\"elementor-widget-container\">\n\t\t\t\t\t\t\t\t\t<p>Wir verarbeiten Ihre personenbezogenen Daten, falls dies zur Erf\u00fcllung von rechtlichen Verpflichtungen notwendig ist. Weiterhin verarbeiten wir Ihre Daten ggf. zur Identit\u00e4tspr\u00fcfung, Abgleiche mit europ\u00e4ischen und internationalen Antiterrorlisten, die Erf\u00fcllung steuerrechtlicher Kontroll- und Meldepflichten sowie die Archivierung von Daten zu Zwecken des Datenschutzes und der Datensicherheit sowie der Pr\u00fcfung durch Steuer- und andere Beh\u00f6rden. Dar\u00fcber hinaus kann die Offenlegung personenbezogener Daten im Rahmen von beh\u00f6rdlichen\/gerichtlichen Ma\u00dfnahmen zu Zwecken der Beweiserhebung, Strafverfolgung oder Durchsetzung zivilrechtlicher Anspr\u00fcche erforderlich werden<\/p>\t\t\t\t\t\t\t\t<\/div>\n\t\t\t\t<\/div>\n\t\t\t\t<div class=\"elementor-element elementor-element-c7b224c elementor-widget elementor-widget-heading\" data-id=\"c7b224c\" data-element_type=\"widget\" data-widget_type=\"heading.default\">\n\t\t\t\t<div class=\"elementor-widget-container\">\n\t\t\t\t\t<h2 class=\"elementor-heading-title elementor-size-default\">4. Kategorien von personenbezogenen Daten die von uns verarbeitet werden<\/h2>\t\t\t\t<\/div>\n\t\t\t\t<\/div>\n\t\t\t\t<div class=\"elementor-element elementor-element-71dc6ea elementor-widget elementor-widget-text-editor\" data-id=\"71dc6ea\" data-element_type=\"widget\" data-widget_type=\"text-editor.default\">\n\t\t\t\t<div class=\"elementor-widget-container\">\n\t\t\t\t\t\t\t\t\t<p>Folgende Daten werden verarbeitet:<\/p><p>\u2022 Name, Vorname<\/p><p>\u2022 Kontaktdaten (Adresse, E-Mail-Adresse, Telefonnummer und vergleichbare Daten)<\/p><p>\u2022 Komplete Bewerbungsunterlagen (wie z.B. Lebenslauf, Zeugnisse, Referenzen, etc.)<\/p><p>\u2022 Sozialversicherungsdaten (wie z.B. Geburtsdatum, Geburtsort, Geburtsname, SV-Nr., Krankenkasse, DE\u00dcV-Daten, Familienstand)<\/p><p>\u2022 Abrechnungsdaten (wie z.B. Gehalt, Lohn, Arbeitszeit, Krankzeiten, Urlaubsanspruch, Bankdaten)<\/p>\t\t\t\t\t\t\t\t<\/div>\n\t\t\t\t<\/div>\n\t\t\t\t<div class=\"elementor-element elementor-element-0419546 elementor-widget elementor-widget-heading\" data-id=\"0419546\" data-element_type=\"widget\" data-widget_type=\"heading.default\">\n\t\t\t\t<div class=\"elementor-widget-container\">\n\t\t\t\t\t<h2 class=\"elementor-heading-title elementor-size-default\">5. Wer erh\u00e4lt Ihre Daten?<\/h2>\t\t\t\t<\/div>\n\t\t\t\t<\/div>\n\t\t\t\t<div class=\"elementor-element elementor-element-71fbce9 elementor-widget elementor-widget-text-editor\" data-id=\"71fbce9\" data-element_type=\"widget\" data-widget_type=\"text-editor.default\">\n\t\t\t\t<div class=\"elementor-widget-container\">\n\t\t\t\t\t\t\t\t\t<p>Wir geben Ihre personenbezogenen Daten innerhalb unseres Unternehmens an die Bereiche weiter, die diese Daten zur Erf\u00fcllung der vertraglichen und gesetzlichen Pflichten bzw. zu der Umsetzung unseres berechtigten Interesses ben\u00f6tigen.<\/p><p>Dar\u00fcber hinaus k\u00f6nnen folgende Stellen Ihre Daten erhalten:<\/p><p>\u2022 von uns eingesetzte Auftragsverarbeiter (Art. 28 DS-GVO), Dienstleister f\u00fcr unterst\u00fctzende T\u00e4tigkeiten und weitere Verantwortliche im Sinne der DS-GVO, insbesondere in den Bereichen IT-Dienstleistungen, Logistik, Kurierdienste, Druckdienstleistungen, externe Rechenzentren, Unterst\u00fctzung\/Wartung von IT-Anwendungen, Archivierung, Belegbearbeitung, Buchhaltung und Controlling, Datenvernichtung, Einkauf\/Beschaffung, Kundenverwaltung, Letter Shops, Marketing, Telefonie, Webseitenmanagement, Steuerberatung, Wirtschaftspr\u00fcfungs-dienstleistung, Kreditinstitute<\/p><p>\u2022 \u00f6ffentliche Stellen und Institutionen bei Vorliegen einer gesetzlichen oder beh\u00f6rdlichen Verpflichtung, nach denen wir zur Auskunft, Meldung oder Weitergabe von Daten verpflichtet sind oder die Datenweitergabe im \u00f6ffentlichen Interesse liegt<\/p><p>\u2022 Stellen und Institutionen aufgrund unseres berechtigten Interesses oder des berechtigten Interesses des Dritten (z. B. an Beh\u00f6rden, Auskunfteien, Inkasso, Rechtsanw\u00e4lte, Gerichte, Gutachter und Kontrollinstanzen)<\/p><p>\u2022 sonstige Stellen, f\u00fcr die Sie uns Ihre Einwilligung zur Daten\u00fcbermittlung erteilt haben<\/p>\t\t\t\t\t\t\t\t<\/div>\n\t\t\t\t<\/div>\n\t\t\t\t<div class=\"elementor-element elementor-element-f66c98b elementor-widget elementor-widget-heading\" data-id=\"f66c98b\" data-element_type=\"widget\" data-widget_type=\"heading.default\">\n\t\t\t\t<div class=\"elementor-widget-container\">\n\t\t\t\t\t<h2 class=\"elementor-heading-title elementor-size-default\">6. \u00dcbermittlung Ihrer Daten an ein Drittland oder an eine internationale Organisation<\/h2>\t\t\t\t<\/div>\n\t\t\t\t<\/div>\n\t\t\t\t<div class=\"elementor-element elementor-element-d98838d elementor-widget elementor-widget-text-editor\" data-id=\"d98838d\" data-element_type=\"widget\" data-widget_type=\"text-editor.default\">\n\t\t\t\t<div class=\"elementor-widget-container\">\n\t\t\t\t\t\t\t\t\t<p>Eine Datenverarbeitung au\u00dferhalb der EU bzw. des EWR findet nicht statt.<\/p>\t\t\t\t\t\t\t\t<\/div>\n\t\t\t\t<\/div>\n\t\t\t\t<div class=\"elementor-element elementor-element-a832c32 elementor-widget elementor-widget-heading\" data-id=\"a832c32\" data-element_type=\"widget\" data-widget_type=\"heading.default\">\n\t\t\t\t<div class=\"elementor-widget-container\">\n\t\t\t\t\t<h2 class=\"elementor-heading-title elementor-size-default\">7. Wie lange speichern wir Ihre Daten?<\/h2>\t\t\t\t<\/div>\n\t\t\t\t<\/div>\n\t\t\t\t<div class=\"elementor-element elementor-element-abe59dd elementor-widget elementor-widget-text-editor\" data-id=\"abe59dd\" data-element_type=\"widget\" data-widget_type=\"text-editor.default\">\n\t\t\t\t<div class=\"elementor-widget-container\">\n\t\t\t\t\t\t\t\t\t<p>Soweit erforderlich, verarbeiten wir Ihre personenbezogenen Daten f\u00fcr die Dauer unseres Arbeitsverh\u00e4ltnisses.<\/p><p>Dar\u00fcber hinaus unterliegen wir verschiedenen Aufbewahrungs- und Dokumentationspflichten, die sich u. a. aus den gesetzlichen Rahmenbedingungen ergeben. Die dort vorgegebenen Fristen zur Aufbewahrung bzw. Dokumentation betragen bis zehn Jahre \u00fcber das Ende des Arbeitsverh\u00e4ltnisses.<br \/>Letztendlich beurteilt sich die Speicherdauer auch nach den gesetzlichen Verj\u00e4hrungsfristen, die zum Beispiel nach den \u00a7\u00a7 195 ff. des B\u00fcrgerlichen Gesetzbuches (BGB) in der Regel drei Jahre, in gewissen F\u00e4llen aber auch bis zu drei\u00dfig Jahre betragen k\u00f6nnen.<\/p>\t\t\t\t\t\t\t\t<\/div>\n\t\t\t\t<\/div>\n\t\t\t\t<div class=\"elementor-element elementor-element-15afa95 elementor-widget elementor-widget-heading\" data-id=\"15afa95\" data-element_type=\"widget\" data-widget_type=\"heading.default\">\n\t\t\t\t<div class=\"elementor-widget-container\">\n\t\t\t\t\t<h2 class=\"elementor-heading-title elementor-size-default\">8. Inwieweit gibt es eine automatisierte Entscheidungsfindung im Einzelfall (einschlie\u00dflich Profiling)?<\/h2>\t\t\t\t<\/div>\n\t\t\t\t<\/div>\n\t\t\t\t<div class=\"elementor-element elementor-element-77b424f elementor-widget elementor-widget-text-editor\" data-id=\"77b424f\" data-element_type=\"widget\" data-widget_type=\"text-editor.default\">\n\t\t\t\t<div class=\"elementor-widget-container\">\n\t\t\t\t\t\t\t\t\t<p>Von uns wird kein rein automatisiertes Entscheidungsverfahren gem\u00e4\u00df Artikel 22 DSGVO eingesetzt. Sollten wir diese Verfahren in Einzelf\u00e4llen einsetzen, werden wir Sie hier\u00fcber gesondert informieren, sofern dies gesetzlich vorgegeben ist.<\/p>\t\t\t\t\t\t\t\t<\/div>\n\t\t\t\t<\/div>\n\t\t\t\t<div class=\"elementor-element elementor-element-d0e86c5 elementor-widget elementor-widget-heading\" data-id=\"d0e86c5\" data-element_type=\"widget\" data-widget_type=\"heading.default\">\n\t\t\t\t<div class=\"elementor-widget-container\">\n\t\t\t\t\t<h2 class=\"elementor-heading-title elementor-size-default\">9. Ihre Datenschutzrechte<\/h2>\t\t\t\t<\/div>\n\t\t\t\t<\/div>\n\t\t\t\t<div class=\"elementor-element elementor-element-9ce7a4e elementor-widget elementor-widget-text-editor\" data-id=\"9ce7a4e\" data-element_type=\"widget\" data-widget_type=\"text-editor.default\">\n\t\t\t\t<div class=\"elementor-widget-container\">\n\t\t\t\t\t\t\t\t\t<p>Sie haben das Recht auf Auskunft nach Art. 15 DSGVO, das Recht auf Berichtigung nach Art. 16 DSGVO, das Recht auf L\u00f6schung nach Art. 17 DSGVO, das Recht auf Einschr\u00e4nkung der Verarbeitung nach Art. 18 DSGVO sowie das Recht auf Daten\u00fcbertragbarkeit aus Art. 20 DSGVO. Dar\u00fcber hinaus besteht ein Beschwerderecht bei einer Datenschutzaufsichtsbeh\u00f6rde (Art. 77 DSGVO). Grunds\u00e4tzlich besteht nach Artikel 21 DSGVO das Widerspruchsrecht gegen die Verarbeitung von personenbezogenen Daten durch uns. Dieses Widerspruchsrecht gilt allerdings nur bei Vorliegen ganz besonderer Umst\u00e4nde Ihrer pers\u00f6nlichen Situation, wobei Rechte unseres Hauses Ihrem Widerspruchsrecht ggf. entgegenstehen k\u00f6nnen. Falls Sie eines dieser Rechte geltend machen wollen, wenden Sie sich bitte an unseren Datenschutzbeauftragten (siehe Punkt 2).<\/p>\t\t\t\t\t\t\t\t<\/div>\n\t\t\t\t<\/div>\n\t\t\t\t<div class=\"elementor-element elementor-element-4e48720 elementor-widget elementor-widget-heading\" data-id=\"4e48720\" data-element_type=\"widget\" data-widget_type=\"heading.default\">\n\t\t\t\t<div class=\"elementor-widget-container\">\n\t\t\t\t\t<h2 class=\"elementor-heading-title elementor-size-default\">10. Umfang Ihrer Pflichten, uns Ihre Daten bereitzustellen<\/h2>\t\t\t\t<\/div>\n\t\t\t\t<\/div>\n\t\t\t\t<div class=\"elementor-element elementor-element-39ee395 elementor-widget elementor-widget-text-editor\" data-id=\"39ee395\" data-element_type=\"widget\" data-widget_type=\"text-editor.default\">\n\t\t\t\t<div class=\"elementor-widget-container\">\n\t\t\t\t\t\t\t\t\t<p>Sie brauchen nur diejenigen Daten bereitstellen, die f\u00fcr die Aufnahme und Durchf\u00fchrung einer Gesch\u00e4ftsbeziehung oder f\u00fcr ein vorvertragliches Verh\u00e4ltnis mit uns erforderlich sind oder zu deren Erhebung wir gesetzlich verpflichtet sind. Ohne diese Daten werden wir in der Regel nicht in der Lage sein, den Vertrag zu schlie\u00dfen oder auszuf\u00fchren. Dies kann sich auch auf sp\u00e4ter im Rahmen der Gesch\u00e4ftsbeziehung erforderliche Daten beziehen. Sofern wir dar\u00fcber hinaus Daten von Ihnen erbitten, werden Sie auf die Freiwilligkeit der Angaben gesondert hingewiesen.<\/p>\t\t\t\t\t\t\t\t<\/div>\n\t\t\t\t<\/div>\n\t\t\t\t<div class=\"elementor-element elementor-element-5773b1a elementor-widget elementor-widget-heading\" data-id=\"5773b1a\" data-element_type=\"widget\" data-widget_type=\"heading.default\">\n\t\t\t\t<div class=\"elementor-widget-container\">\n\t\t\t\t\t<h2 class=\"elementor-heading-title elementor-size-default\">11. Ihr Beschwerderecht bei der zust\u00e4ndigen Aufsichtsbeh\u00f6rde<\/h2>\t\t\t\t<\/div>\n\t\t\t\t<\/div>\n\t\t\t\t<div class=\"elementor-element elementor-element-24ce1f5 elementor-widget elementor-widget-text-editor\" data-id=\"24ce1f5\" data-element_type=\"widget\" data-widget_type=\"text-editor.default\">\n\t\t\t\t<div class=\"elementor-widget-container\">\n\t\t\t\t\t\t\t\t\t<p>Ihnen steht ein Beschwerderecht bei der Datenschutzaufsichtsbeh\u00f6rde zu (Art. 77 DSGVO).<br \/>Die f\u00fcr uns zust\u00e4ndige Aufsichtsbeh\u00f6rde ist:<br \/>Der Landesbeauftragte f\u00fcr den Datenschutz und die Informationsfreiheit<a class=\"external-link-new-window\" title=\"https:\/\/www.baden-wuerttemberg.datenschutz.de\/\" href=\"https:\/\/www.baden-wuerttemberg.datenschutz.de\/\" target=\"_blank\" rel=\"noopener\"> https:\/\/www.baden-wuerttemberg.datenschutz.de<\/a><\/p>\t\t\t\t\t\t\t\t<\/div>\n\t\t\t\t<\/div>\n\t\t\t\t<\/div>\n\t\t<div class=\"elementor-element elementor-element-ac6ef93 e-flex e-con-boxed e-con e-parent\" data-id=\"ac6ef93\" data-element_type=\"container\">\n\t\t\t\t\t<div class=\"e-con-inner\">\n\t\t\t\t<div class=\"elementor-element elementor-element-ea1426b elementor-widget-divider--view-line elementor-widget elementor-widget-divider\" data-id=\"ea1426b\" data-element_type=\"widget\" data-widget_type=\"divider.default\">\n\t\t\t\t<div class=\"elementor-widget-container\">\n\t\t\t\t\t\t\t<div class=\"elementor-divider\">\n\t\t\t<span class=\"elementor-divider-separator\">\n\t\t\t\t\t\t<\/span>\n\t\t<\/div>\n\t\t\t\t\t\t<\/div>\n\t\t\t\t<\/div>\n\t\t\t\t\t<\/div>\n\t\t\t\t<\/div>\n\t\t\t\t<\/div>","protected":false},"excerpt":{"rendered":"<p>Informationen f\u00fcr Mitarbeiter Datenschutzinformation f\u00fcr Mitarbeiter nach Art. 13 und Art.14 der Datenschutz-Grundverordnung DSGVO Datenschutz ist f\u00fcr uns ein wichtiges Anliegen. Nachfolgend informieren wir Sie, wie wir Ihre Daten verarbeiten und welche Rechte Ihnen zustehen. 1. Wer ist f\u00fcr die Datenverarbeitung verantwortlich und an wen k\u00f6nnen Sie sich wenden? VOMED Volzer Medizintechnik GmbH &amp; Co.&hellip; <a class=\"more-link\" href=\"https:\/\/www.vomed.de\/en\/datenschutz\/informationen-fuer-mitarbeiter\/\">Continue reading <span class=\"screen-reader-text\">Informationen f\u00fcr Mitarbeiter<\/span><\/a><\/p>","protected":false},"author":1,"featured_media":0,"parent":364,"menu_order":0,"comment_status":"closed","ping_status":"closed","template":"elementor_header_footer","meta":{"footnotes":""},"class_list":["post-387","page","type-page","status-publish","hentry","entry"],"_links":{"self":[{"href":"https:\/\/www.vomed.de\/en\/wp-json\/wp\/v2\/pages\/387","targetHints":{"allow":["GET"]}}],"collection":[{"href":"https:\/\/www.vomed.de\/en\/wp-json\/wp\/v2\/pages"}],"about":[{"href":"https:\/\/www.vomed.de\/en\/wp-json\/wp\/v2\/types\/page"}],"author":[{"embeddable":true,"href":"https:\/\/www.vomed.de\/en\/wp-json\/wp\/v2\/users\/1"}],"replies":[{"embeddable":true,"href":"https:\/\/www.vomed.de\/en\/wp-json\/wp\/v2\/comments?post=387"}],"version-history":[{"count":7,"href":"https:\/\/www.vomed.de\/en\/wp-json\/wp\/v2\/pages\/387\/revisions"}],"predecessor-version":[{"id":510,"href":"https:\/\/www.vomed.de\/en\/wp-json\/wp\/v2\/pages\/387\/revisions\/510"}],"up":[{"embeddable":true,"href":"https:\/\/www.vomed.de\/en\/wp-json\/wp\/v2\/pages\/364"}],"wp:attachment":[{"href":"https:\/\/www.vomed.de\/en\/wp-json\/wp\/v2\/media?parent=387"}],"curies":[{"name":"wp","href":"https:\/\/api.w.org\/{rel}","templated":true}]}}