{"id":28,"date":"2023-12-14T15:58:24","date_gmt":"2023-12-14T14:58:24","guid":{"rendered":"http:\/\/vomed.kreativision.net\/?page_id=28"},"modified":"2026-01-07T09:56:43","modified_gmt":"2026-01-07T08:56:43","slug":"home","status":"publish","type":"page","link":"https:\/\/www.vomed.de\/en\/","title":{"rendered":"Home"},"content":{"rendered":"<div data-elementor-type=\"wp-page\" data-elementor-id=\"28\" class=\"elementor elementor-28\" data-elementor-post-type=\"page\">\n\t\t\t\t<div class=\"elementor-element elementor-element-35d9928 e-con-full e-flex e-con e-parent\" data-id=\"35d9928\" data-element_type=\"container\">\n\t\t<div class=\"elementor-element elementor-element-a6c4f7c e-con-full e-flex e-con e-child\" data-id=\"a6c4f7c\" data-element_type=\"container\" data-settings=\"{&quot;background_background&quot;:&quot;classic&quot;}\">\n\t\t\t\t<div class=\"elementor-element elementor-element-653ec5b elementor-widget elementor-widget-heading\" data-id=\"653ec5b\" data-element_type=\"widget\" data-widget_type=\"heading.default\">\n\t\t\t\t<div class=\"elementor-widget-container\">\n\t\t\t\t\t<h1 class=\"elementor-heading-title elementor-size-default\">The system supplier for medical technology<\/h1>\t\t\t\t<\/div>\n\t\t\t\t<\/div>\n\t\t\t\t<div class=\"elementor-element elementor-element-ab65cc0 elementor-widget elementor-widget-text-editor\" data-id=\"ab65cc0\" data-element_type=\"widget\" data-widget_type=\"text-editor.default\">\n\t\t\t\t<div class=\"elementor-widget-container\">\n\t\t\t\t\t\t\t\t\t<p>Whether series production, one-off production or individual special solutions - we are one of the leading specialists for endoscopy accessories, medical assemblies and suction and irrigation instruments.<\/p>\t\t\t\t\t\t\t\t<\/div>\n\t\t\t\t<\/div>\n\t\t\t\t<div class=\"elementor-element elementor-element-ff58985 elementor-widget elementor-widget-button\" data-id=\"ff58985\" data-element_type=\"widget\" data-widget_type=\"button.default\">\n\t\t\t\t<div class=\"elementor-widget-container\">\n\t\t\t\t\t\t\t\t\t<div class=\"elementor-button-wrapper\">\n\t\t\t\t\t<a class=\"elementor-button elementor-button-link elementor-size-sm elementor-animation-shrink\" href=\"https:\/\/www.vomed.de\/en\/unternehmen\/\">\n\t\t\t\t\t\t<span class=\"elementor-button-content-wrapper\">\n\t\t\t\t\t\t\t\t\t<span class=\"elementor-button-text\">The company<\/span>\n\t\t\t\t\t<\/span>\n\t\t\t\t\t<\/a>\n\t\t\t\t<\/div>\n\t\t\t\t\t\t\t\t<\/div>\n\t\t\t\t<\/div>\n\t\t\t\t<\/div>\n\t\t<div class=\"elementor-element elementor-element-d9d1d7c e-con-full e-flex e-con e-child\" data-id=\"d9d1d7c\" data-element_type=\"container\">\n\t\t\t\t<div class=\"elementor-element elementor-element-c629a0e elementor-widget elementor-widget-image\" data-id=\"c629a0e\" data-element_type=\"widget\" data-widget_type=\"image.default\">\n\t\t\t\t<div class=\"elementor-widget-container\">\n\t\t\t\t\t\t\t\t\t\t\t\t\t\t\t<img fetchpriority=\"high\" decoding=\"async\" width=\"1000\" height=\"667\" src=\"https:\/\/www.vomed.de\/wp-content\/uploads\/2023\/12\/20230419-Vomed-199_freisteller_mit3D.png\" class=\"attachment-full size-full wp-image-124\" alt=\"\" srcset=\"https:\/\/www.vomed.de\/wp-content\/uploads\/2023\/12\/20230419-Vomed-199_freisteller_mit3D.png 1000w, https:\/\/www.vomed.de\/wp-content\/uploads\/2023\/12\/20230419-Vomed-199_freisteller_mit3D-300x200.png 300w, https:\/\/www.vomed.de\/wp-content\/uploads\/2023\/12\/20230419-Vomed-199_freisteller_mit3D-768x512.png 768w\" sizes=\"(max-width: 1000px) 100vw, 1000px\" style=\"width:100%;height:66.7%;max-width:1000px\" \/>\t\t\t\t\t\t\t\t\t\t\t\t\t\t\t<\/div>\n\t\t\t\t<\/div>\n\t\t\t\t<\/div>\n\t\t\t\t<\/div>\n\t\t<div class=\"elementor-element elementor-element-e2c347e e-con-full e-flex e-con e-parent\" data-id=\"e2c347e\" data-element_type=\"container\">\n\t\t\t\t<div class=\"elementor-element elementor-element-26d6b45 elementor-widget elementor-widget-text-editor\" data-id=\"26d6b45\" data-element_type=\"widget\" data-widget_type=\"text-editor.default\">\n\t\t\t\t<div class=\"elementor-widget-container\">\n\t\t\t\t\t\t\t\t\tIn order to meet the diverse needs and requirements of our customers, we offer two different lines. In this way, we ensure that we can meet our customers' requirements.\t\t\t\t\t\t\t\t<\/div>\n\t\t\t\t<\/div>\n\t\t\t\t<\/div>\n\t\t<div class=\"elementor-element elementor-element-d74d229 e-con-full e-flex e-con e-parent\" data-id=\"d74d229\" data-element_type=\"container\">\n\t\t<div class=\"elementor-element elementor-element-f491589 e-con-full e-flex e-con e-child\" data-id=\"f491589\" data-element_type=\"container\" data-settings=\"{&quot;background_background&quot;:&quot;classic&quot;}\">\n\t\t\t\t<div class=\"elementor-element elementor-element-d94cfb0 elementor-widget elementor-widget-heading\" data-id=\"d94cfb0\" data-element_type=\"widget\" data-widget_type=\"heading.default\">\n\t\t\t\t<div class=\"elementor-widget-container\">\n\t\t\t\t\t<h2 class=\"elementor-heading-title elementor-size-default\">BASIC.LINE<\/h2>\t\t\t\t<\/div>\n\t\t\t\t<\/div>\n\t\t\t\t<div class=\"elementor-element elementor-element-9197ca5 elementor-widget elementor-widget-text-editor\" data-id=\"9197ca5\" data-element_type=\"widget\" data-widget_type=\"text-editor.default\">\n\t\t\t\t<div class=\"elementor-widget-container\">\n\t\t\t\t\t\t\t\t\t<p>Discover our Basic.line - high-quality standard instruments, which includes medical stopcocks, cannulas, connectors and suction irrigation instruments.<\/p>\t\t\t\t\t\t\t\t<\/div>\n\t\t\t\t<\/div>\n\t\t\t\t<div class=\"elementor-element elementor-element-8b1c580 elementor-widget elementor-widget-button\" data-id=\"8b1c580\" data-element_type=\"widget\" data-widget_type=\"button.default\">\n\t\t\t\t<div class=\"elementor-widget-container\">\n\t\t\t\t\t\t\t\t\t<div class=\"elementor-button-wrapper\">\n\t\t\t\t\t<a class=\"elementor-button elementor-button-link elementor-size-sm elementor-animation-shrink\" href=\"https:\/\/www.vomed.de\/en\/basic-line\/\">\n\t\t\t\t\t\t<span class=\"elementor-button-content-wrapper\">\n\t\t\t\t\t\t\t\t\t<span class=\"elementor-button-text\">Learn more<\/span>\n\t\t\t\t\t<\/span>\n\t\t\t\t\t<\/a>\n\t\t\t\t<\/div>\n\t\t\t\t\t\t\t\t<\/div>\n\t\t\t\t<\/div>\n\t\t\t\t<\/div>\n\t\t<div class=\"elementor-element elementor-element-971c0d9 e-con-full e-flex e-con e-child\" data-id=\"971c0d9\" data-element_type=\"container\" data-settings=\"{&quot;background_background&quot;:&quot;classic&quot;}\">\n\t\t\t\t<div class=\"elementor-element elementor-element-fac4e8a elementor-widget elementor-widget-heading\" data-id=\"fac4e8a\" data-element_type=\"widget\" data-widget_type=\"heading.default\">\n\t\t\t\t<div class=\"elementor-widget-container\">\n\t\t\t\t\t<h2 class=\"elementor-heading-title elementor-size-default\">SPECIAL.LINE<\/h2>\t\t\t\t<\/div>\n\t\t\t\t<\/div>\n\t\t\t\t<div class=\"elementor-element elementor-element-93d7aa8 elementor-widget elementor-widget-text-editor\" data-id=\"93d7aa8\" data-element_type=\"widget\" data-widget_type=\"text-editor.default\">\n\t\t\t\t<div class=\"elementor-widget-container\">\n\t\t\t\t\t\t\t\t\t<p>VOMED offers technically creative solutions for individual requirements, always economically viable and customer-oriented.<\/p>\t\t\t\t\t\t\t\t<\/div>\n\t\t\t\t<\/div>\n\t\t\t\t<div class=\"elementor-element elementor-element-20cae73 elementor-widget elementor-widget-button\" data-id=\"20cae73\" data-element_type=\"widget\" data-widget_type=\"button.default\">\n\t\t\t\t<div class=\"elementor-widget-container\">\n\t\t\t\t\t\t\t\t\t<div class=\"elementor-button-wrapper\">\n\t\t\t\t\t<a class=\"elementor-button elementor-button-link elementor-size-sm elementor-animation-shrink\" href=\"https:\/\/www.vomed.de\/en\/special-line\/\">\n\t\t\t\t\t\t<span class=\"elementor-button-content-wrapper\">\n\t\t\t\t\t\t\t\t\t<span class=\"elementor-button-text\">Learn more<\/span>\n\t\t\t\t\t<\/span>\n\t\t\t\t\t<\/a>\n\t\t\t\t<\/div>\n\t\t\t\t\t\t\t\t<\/div>\n\t\t\t\t<\/div>\n\t\t\t\t<\/div>\n\t\t\t\t<\/div>\n\t\t<div class=\"elementor-element elementor-element-54a128a e-con-full e-flex e-con e-parent\" data-id=\"54a128a\" data-element_type=\"container\">\n\t\t<div class=\"elementor-element elementor-element-202de08 e-con-full e-flex e-con e-child\" data-id=\"202de08\" data-element_type=\"container\">\n\t\t\t\t<div class=\"elementor-element elementor-element-b459177 elementor-widget elementor-widget-image\" data-id=\"b459177\" data-element_type=\"widget\" data-widget_type=\"image.default\">\n\t\t\t\t<div class=\"elementor-widget-container\">\n\t\t\t\t\t\t\t\t\t\t\t\t\t\t\t<img decoding=\"async\" width=\"1000\" height=\"1500\" src=\"https:\/\/www.vomed.de\/wp-content\/uploads\/2023\/12\/20230419-Vomed-217_freisteller_mit3D.png\" class=\"attachment-full size-full wp-image-61\" alt=\"\" srcset=\"https:\/\/www.vomed.de\/wp-content\/uploads\/2023\/12\/20230419-Vomed-217_freisteller_mit3D.png 1000w, https:\/\/www.vomed.de\/wp-content\/uploads\/2023\/12\/20230419-Vomed-217_freisteller_mit3D-200x300.png 200w, https:\/\/www.vomed.de\/wp-content\/uploads\/2023\/12\/20230419-Vomed-217_freisteller_mit3D-683x1024.png 683w, https:\/\/www.vomed.de\/wp-content\/uploads\/2023\/12\/20230419-Vomed-217_freisteller_mit3D-768x1152.png 768w\" sizes=\"(max-width: 1000px) 100vw, 1000px\" style=\"width:100%;height:150%;max-width:1000px\" \/>\t\t\t\t\t\t\t\t\t\t\t\t\t\t\t<\/div>\n\t\t\t\t<\/div>\n\t\t\t\t<\/div>\n\t\t<div class=\"elementor-element elementor-element-3a76b7f e-con-full e-flex e-con e-child\" data-id=\"3a76b7f\" data-element_type=\"container\">\n\t\t\t\t<div class=\"elementor-element elementor-element-324460d elementor-widget elementor-widget-heading\" data-id=\"324460d\" data-element_type=\"widget\" data-widget_type=\"heading.default\">\n\t\t\t\t<div class=\"elementor-widget-container\">\n\t\t\t\t\t<h2 class=\"elementor-heading-title elementor-size-default\">Want to be part of the team? <\/h2>\t\t\t\t<\/div>\n\t\t\t\t<\/div>\n\t\t\t\t<div class=\"elementor-element elementor-element-2f9e0d4 elementor-widget elementor-widget-text-editor\" data-id=\"2f9e0d4\" data-element_type=\"widget\" data-widget_type=\"text-editor.default\">\n\t\t\t\t<div class=\"elementor-widget-container\">\n\t\t\t\t\t\t\t\t\t<div class=\"flex flex-grow flex-col max-w-full\"><div class=\"min-h-[20px] text-message flex flex-col items-start gap-3 whitespace-pre-wrap break-words [.text-message+&amp;]:mt-5 overflow-x-auto\" data-message-author-role=\"assistant\" data-message-id=\"e158cf7b-bae0-40a5-a2d7-f9bfdf5f4e8a\"><div class=\"markdown prose w-full break-words dark:prose-invert light\"><p>At Vomed, we see attracting talented people as a crucial step in our growth and success. We invest in an inspiring work environment, offer extensive training opportunities and attractive compensation packages to attract professionals who share our mission and values. We are looking for committed individuals who are ready to grow in a dynamic organization and make a positive contribution to our shared success.<\/p><\/div><\/div><\/div>\t\t\t\t\t\t\t\t<\/div>\n\t\t\t\t<\/div>\n\t\t\t\t<div class=\"elementor-element elementor-element-8ca2b07 elementor-widget elementor-widget-button\" data-id=\"8ca2b07\" data-element_type=\"widget\" data-widget_type=\"button.default\">\n\t\t\t\t<div class=\"elementor-widget-container\">\n\t\t\t\t\t\t\t\t\t<div class=\"elementor-button-wrapper\">\n\t\t\t\t\t<a class=\"elementor-button elementor-button-link elementor-size-sm elementor-animation-shrink\" href=\"https:\/\/www.vomed.de\/en\/karriere\/\">\n\t\t\t\t\t\t<span class=\"elementor-button-content-wrapper\">\n\t\t\t\t\t\t\t\t\t<span class=\"elementor-button-text\">VACANCIES<\/span>\n\t\t\t\t\t<\/span>\n\t\t\t\t\t<\/a>\n\t\t\t\t<\/div>\n\t\t\t\t\t\t\t\t<\/div>\n\t\t\t\t<\/div>\n\t\t\t\t<\/div>\n\t\t\t\t<\/div>\n\t\t<div class=\"elementor-element elementor-element-6accc4e e-con-full e-flex e-con e-parent\" data-id=\"6accc4e\" data-element_type=\"container\">\n\t\t<div class=\"elementor-element elementor-element-04bfdc1 e-con-full e-flex e-con e-child\" data-id=\"04bfdc1\" data-element_type=\"container\" data-settings=\"{&quot;background_background&quot;:&quot;classic&quot;}\">\n\t\t\t\t<div class=\"elementor-element elementor-element-11af61e elementor-widget elementor-widget-heading\" data-id=\"11af61e\" data-element_type=\"widget\" data-widget_type=\"heading.default\">\n\t\t\t\t<div class=\"elementor-widget-container\">\n\t\t\t\t\t<h2 class=\"elementor-heading-title elementor-size-default\">We help you<\/h2>\t\t\t\t<\/div>\n\t\t\t\t<\/div>\n\t\t\t\t<div class=\"elementor-element elementor-element-dfa4996 elementor-widget elementor-widget-text-editor\" data-id=\"dfa4996\" data-element_type=\"widget\" data-widget_type=\"text-editor.default\">\n\t\t\t\t<div class=\"elementor-widget-container\">\n\t\t\t\t\t\t\t\t\t<p>You can contact us by phone on the number provided or send us an e-mail. We look forward to hearing from you and are always available to discuss your concerns and help you further.<\/p>\t\t\t\t\t\t\t\t<\/div>\n\t\t\t\t<\/div>\n\t\t\t\t<div class=\"elementor-element elementor-element-70aa603 elementor-icon-list--layout-traditional elementor-list-item-link-full_width elementor-widget elementor-widget-icon-list\" data-id=\"70aa603\" data-element_type=\"widget\" data-widget_type=\"icon-list.default\">\n\t\t\t\t<div class=\"elementor-widget-container\">\n\t\t\t\t\t\t\t<ul class=\"elementor-icon-list-items\">\n\t\t\t\t\t\t\t<li class=\"elementor-icon-list-item\">\n\t\t\t\t\t\t\t\t\t\t\t<span class=\"elementor-icon-list-icon\">\n\t\t\t\t\t\t\t<svg aria-hidden=\"true\" class=\"e-font-icon-svg e-fas-map-marker-alt\" viewbox=\"0 0 384 512\" xmlns=\"http:\/\/www.w3.org\/2000\/svg\"><path d=\"M172.268 501.67C26.97 291.031 0 269.413 0 192 0 85.961 85.961 0 192 0s192 85.961 192 192c0 77.413-26.97 99.031-172.268 309.67-9.535 13.774-29.93 13.773-39.464 0zM192 272c44.183 0 80-35.817 80-80s-35.817-80-80-80-80 35.817-80 80 35.817 80 80 80z\"><\/path><\/svg>\t\t\t\t\t\t<\/span>\n\t\t\t\t\t\t\t\t\t\t<span class=\"elementor-icon-list-text\">In G\u00f6hren 25 <br>D-78532 Tuttlingen<\/span>\n\t\t\t\t\t\t\t\t\t<\/li>\n\t\t\t\t\t\t\t\t<li class=\"elementor-icon-list-item\">\n\t\t\t\t\t\t\t\t\t\t\t<span class=\"elementor-icon-list-icon\">\n\t\t\t\t\t\t\t<svg aria-hidden=\"true\" class=\"e-font-icon-svg e-fas-phone-alt\" viewbox=\"0 0 512 512\" xmlns=\"http:\/\/www.w3.org\/2000\/svg\"><path d=\"M497.39 361.8l-112-48a24 24 0 0 0-28 6.9l-49.6 60.6A370.66 370.66 0 0 1 130.6 204.11l60.6-49.6a23.94 23.94 0 0 0 6.9-28l-48-112A24.16 24.16 0 0 0 122.6.61l-104 24A24 24 0 0 0 0 48c0 256.5 207.9 464 464 464a24 24 0 0 0 23.4-18.6l24-104a24.29 24.29 0 0 0-14.01-27.6z\"><\/path><\/svg>\t\t\t\t\t\t<\/span>\n\t\t\t\t\t\t\t\t\t\t<span class=\"elementor-icon-list-text\">+49 \/ 7461 \/ 96570-0<\/span>\n\t\t\t\t\t\t\t\t\t<\/li>\n\t\t\t\t\t\t\t\t<li class=\"elementor-icon-list-item\">\n\t\t\t\t\t\t\t\t\t\t\t<span class=\"elementor-icon-list-icon\">\n\t\t\t\t\t\t\t<svg aria-hidden=\"true\" class=\"e-font-icon-svg e-fas-fax\" viewbox=\"0 0 512 512\" xmlns=\"http:\/\/www.w3.org\/2000\/svg\"><path d=\"M480 160V77.25a32 32 0 0 0-9.38-22.63L425.37 9.37A32 32 0 0 0 402.75 0H160a32 32 0 0 0-32 32v448a32 32 0 0 0 32 32h320a32 32 0 0 0 32-32V192a32 32 0 0 0-32-32zM288 432a16 16 0 0 1-16 16h-32a16 16 0 0 1-16-16v-32a16 16 0 0 1 16-16h32a16 16 0 0 1 16 16zm0-128a16 16 0 0 1-16 16h-32a16 16 0 0 1-16-16v-32a16 16 0 0 1 16-16h32a16 16 0 0 1 16 16zm128 128a16 16 0 0 1-16 16h-32a16 16 0 0 1-16-16v-32a16 16 0 0 1 16-16h32a16 16 0 0 1 16 16zm0-128a16 16 0 0 1-16 16h-32a16 16 0 0 1-16-16v-32a16 16 0 0 1 16-16h32a16 16 0 0 1 16 16zm0-112H192V64h160v48a16 16 0 0 0 16 16h48zM64 128H32a32 32 0 0 0-32 32v320a32 32 0 0 0 32 32h32a32 32 0 0 0 32-32V160a32 32 0 0 0-32-32z\"><\/path><\/svg>\t\t\t\t\t\t<\/span>\n\t\t\t\t\t\t\t\t\t\t<span class=\"elementor-icon-list-text\">+49 \/ 7461 \/ 96570-50<\/span>\n\t\t\t\t\t\t\t\t\t<\/li>\n\t\t\t\t\t\t\t\t<li class=\"elementor-icon-list-item\">\n\t\t\t\t\t\t\t\t\t\t\t<span class=\"elementor-icon-list-icon\">\n\t\t\t\t\t\t\t<svg aria-hidden=\"true\" class=\"e-font-icon-svg e-fas-paper-plane\" viewbox=\"0 0 512 512\" xmlns=\"http:\/\/www.w3.org\/2000\/svg\"><path d=\"M476 3.2L12.5 270.6c-18.1 10.4-15.8 35.6 2.2 43.2L121 358.4l287.3-253.2c5.5-4.9 13.3 2.6 8.6 8.3L176 407v80.5c0 23.6 28.5 32.9 42.5 15.8L282 426l124.6 52.2c14.2 6 30.4-2.9 33-18.2l72-432C515 7.8 493.3-6.8 476 3.2z\"><\/path><\/svg>\t\t\t\t\t\t<\/span>\n\t\t\t\t\t\t\t\t\t\t<span class=\"elementor-icon-list-text\">info@vomed.de<\/span>\n\t\t\t\t\t\t\t\t\t<\/li>\n\t\t\t\t\t\t<\/ul>\n\t\t\t\t\t\t<\/div>\n\t\t\t\t<\/div>\n\t\t\t\t<\/div>\n\t\t<div class=\"elementor-element elementor-element-474ff54 e-con-full e-flex e-con e-child\" data-id=\"474ff54\" data-element_type=\"container\" data-settings=\"{&quot;background_background&quot;:&quot;classic&quot;}\">\n\t\t\t\t<\/div>\n\t\t\t\t<\/div>\n\t\t\t\t<\/div>","protected":false},"excerpt":{"rendered":"<p>Der Systemlieferant f\u00fcr die Medizintechnik Ob Serienfertigung, Einzelfertigung oder individuelle Sonderl\u00f6sungen \u2013 wir z\u00e4hlen zu den f\u00fchrenden Spezialisten f\u00fcr Endoskopie-Zubeh\u00f6rteile, f\u00fcr medizinische Baugruppen, f\u00fcr Saug-Sp\u00fclinstrumente. Das Unternehmen Um den vielf\u00e4ltigen Bed\u00fcrfnissen und Anforderungen unserer Kunden gerecht zu werden, bieten wir zwei unterschiedliche Linien an. Auf diese Weise stellen wir sicher, dass wir die Anspr\u00fcche unserer&hellip; <a class=\"more-link\" href=\"https:\/\/www.vomed.de\/en\/\">Continue reading <span class=\"screen-reader-text\">Home<\/span><\/a><\/p>","protected":false},"author":1,"featured_media":0,"parent":0,"menu_order":0,"comment_status":"closed","ping_status":"closed","template":"elementor_header_footer","meta":{"footnotes":""},"class_list":["post-28","page","type-page","status-publish","hentry","entry"],"_links":{"self":[{"href":"https:\/\/www.vomed.de\/en\/wp-json\/wp\/v2\/pages\/28","targetHints":{"allow":["GET"]}}],"collection":[{"href":"https:\/\/www.vomed.de\/en\/wp-json\/wp\/v2\/pages"}],"about":[{"href":"https:\/\/www.vomed.de\/en\/wp-json\/wp\/v2\/types\/page"}],"author":[{"embeddable":true,"href":"https:\/\/www.vomed.de\/en\/wp-json\/wp\/v2\/users\/1"}],"replies":[{"embeddable":true,"href":"https:\/\/www.vomed.de\/en\/wp-json\/wp\/v2\/comments?post=28"}],"version-history":[{"count":355,"href":"https:\/\/www.vomed.de\/en\/wp-json\/wp\/v2\/pages\/28\/revisions"}],"predecessor-version":[{"id":1375,"href":"https:\/\/www.vomed.de\/en\/wp-json\/wp\/v2\/pages\/28\/revisions\/1375"}],"wp:attachment":[{"href":"https:\/\/www.vomed.de\/en\/wp-json\/wp\/v2\/media?parent=28"}],"curies":[{"name":"wp","href":"https:\/\/api.w.org\/{rel}","templated":true}]}}