{"id":200,"date":"2023-12-14T19:53:55","date_gmt":"2023-12-14T18:53:55","guid":{"rendered":"http:\/\/vomed.kreativision.net\/?page_id=200"},"modified":"2024-08-05T07:50:50","modified_gmt":"2024-08-05T05:50:50","slug":"basic-line","status":"publish","type":"page","link":"https:\/\/www.vomed.de\/en\/basic-line\/","title":{"rendered":"Basic.Line"},"content":{"rendered":"<div data-elementor-type=\"wp-page\" data-elementor-id=\"200\" class=\"elementor elementor-200\" data-elementor-post-type=\"page\">\n\t\t\t\t<div class=\"elementor-element elementor-element-35d9928 e-con-full e-flex e-con e-parent\" data-id=\"35d9928\" data-element_type=\"container\" data-settings=\"{&quot;background_background&quot;:&quot;classic&quot;}\">\n\t\t<div class=\"elementor-element elementor-element-a6c4f7c e-con-full e-flex e-con e-child\" data-id=\"a6c4f7c\" data-element_type=\"container\" data-settings=\"{&quot;background_background&quot;:&quot;classic&quot;}\">\n\t\t\t\t<div class=\"elementor-element elementor-element-ab65cc0 elementor-widget elementor-widget-text-editor\" data-id=\"ab65cc0\" data-element_type=\"widget\" data-widget_type=\"text-editor.default\">\n\t\t\t\t<div class=\"elementor-widget-container\">\n\t\t\t\t\t\t\t\t\t<p>lasting quality<\/p>\t\t\t\t\t\t\t\t<\/div>\n\t\t\t\t<\/div>\n\t\t\t\t<div class=\"elementor-element elementor-element-653ec5b elementor-widget elementor-widget-heading\" data-id=\"653ec5b\" data-element_type=\"widget\" data-widget_type=\"heading.default\">\n\t\t\t\t<div class=\"elementor-widget-container\">\n\t\t\t\t\t<h1 class=\"elementor-heading-title elementor-size-default\">BASIC.LINE<\/h1>\t\t\t\t<\/div>\n\t\t\t\t<\/div>\n\t\t\t\t<\/div>\n\t\t\t\t<\/div>\n\t\t<div class=\"elementor-element elementor-element-f049ee9 e-con-full e-flex e-con e-parent\" data-id=\"f049ee9\" data-element_type=\"container\">\n\t\t\t\t<div class=\"elementor-element elementor-element-8772aed elementor-widget elementor-widget-heading\" data-id=\"8772aed\" data-element_type=\"widget\" data-widget_type=\"heading.default\">\n\t\t\t\t<div class=\"elementor-widget-container\">\n\t\t\t\t\t<h2 class=\"elementor-heading-title elementor-size-default\">for every requirement<\/h2>\t\t\t\t<\/div>\n\t\t\t\t<\/div>\n\t\t\t\t<div class=\"elementor-element elementor-element-29c133e elementor-widget elementor-widget-heading\" data-id=\"29c133e\" data-element_type=\"widget\" data-widget_type=\"heading.default\">\n\t\t\t\t<div class=\"elementor-widget-container\">\n\t\t\t\t\t<h2 class=\"elementor-heading-title elementor-size-default\">Medical taps and connectors<\/h2>\t\t\t\t<\/div>\n\t\t\t\t<\/div>\n\t\t\t\t<\/div>\n\t\t<div class=\"elementor-element elementor-element-38aa1f8 e-con-full e-flex e-con e-parent\" data-id=\"38aa1f8\" data-element_type=\"container\">\n\t\t<div class=\"elementor-element elementor-element-9dba1a9 e-con-full e-flex e-con e-child\" data-id=\"9dba1a9\" data-element_type=\"container\">\n\t\t\t\t<div class=\"elementor-element elementor-element-ca8bcbe elementor-widget elementor-widget-text-editor\" data-id=\"ca8bcbe\" data-element_type=\"widget\" data-widget_type=\"text-editor.default\">\n\t\t\t\t<div class=\"elementor-widget-container\">\n\t\t\t\t\t\t\t\t\t<p>Our Basic.line presents a selection of standardized instruments specialized in minimally invasive surgery. Manufactured from high quality nickel or chrome plated brass, stainless steel and occasionally plastic, these instruments offer an excellent balance between quality and economy. Their reusability, ease of use and ease of maintenance make them a cost-effective solution for healthcare professionals.<\/p>\t\t\t\t\t\t\t\t<\/div>\n\t\t\t\t<\/div>\n\t\t\t\t<\/div>\n\t\t<div class=\"elementor-element elementor-element-a44052d e-con-full e-flex e-con e-child\" data-id=\"a44052d\" data-element_type=\"container\">\n\t\t\t\t<div class=\"elementor-element elementor-element-6e2c1ce elementor-widget elementor-widget-text-editor\" data-id=\"6e2c1ce\" data-element_type=\"widget\" data-widget_type=\"text-editor.default\">\n\t\t\t\t<div class=\"elementor-widget-container\">\n\t\t\t\t\t\t\t\t\t<div><p>Our medical taps and connectors are an excellent example of the outstanding quality of our products. The \"VOLZER stopcocks\", named after our company founder Rudi Volzer, still stand for absolute tightness and reliable performance today. With interchangeable stopcock drivers and valve pistons as well as components that can be dismantled and are easy to clean, they offer a durable and reusable solution for medical applications at an excellent price-performance ratio.<\/p><\/div>\t\t\t\t\t\t\t\t<\/div>\n\t\t\t\t<\/div>\n\t\t\t\t<div class=\"elementor-element elementor-element-283f58c elementor-widget elementor-widget-button\" data-id=\"283f58c\" data-element_type=\"widget\" data-widget_type=\"button.default\">\n\t\t\t\t<div class=\"elementor-widget-container\">\n\t\t\t\t\t\t\t\t\t<div class=\"elementor-button-wrapper\">\n\t\t\t\t\t<a class=\"elementor-button elementor-button-link elementor-size-sm elementor-animation-shrink\" href=\"https:\/\/vomed.de\/wp-content\/uploads\/2024\/08\/VOMEDProduktkatalogStandard-dtengl.pdf\" target=\"_blank\">\n\t\t\t\t\t\t<span class=\"elementor-button-content-wrapper\">\n\t\t\t\t\t\t\t\t\t<span class=\"elementor-button-text\">Product catalog: BASIC.LINE<\/span>\n\t\t\t\t\t<\/span>\n\t\t\t\t\t<\/a>\n\t\t\t\t<\/div>\n\t\t\t\t\t\t\t\t<\/div>\n\t\t\t\t<\/div>\n\t\t\t\t<\/div>\n\t\t\t\t<\/div>\n\t\t<div class=\"elementor-element elementor-element-5c71a17 e-con-full e-flex e-con e-parent\" data-id=\"5c71a17\" data-element_type=\"container\">\n\t\t<div class=\"elementor-element elementor-element-11251f7 e-con-full e-flex e-con e-child\" data-id=\"11251f7\" data-element_type=\"container\">\n\t\t\t\t<div class=\"elementor-element elementor-element-db6df24 elementor-widget elementor-widget-image\" data-id=\"db6df24\" data-element_type=\"widget\" data-widget_type=\"image.default\">\n\t\t\t\t<div class=\"elementor-widget-container\">\n\t\t\t\t\t\t\t\t\t\t\t\t\t\t\t<img fetchpriority=\"high\" decoding=\"async\" width=\"750\" height=\"500\" src=\"https:\/\/www.vomed.de\/wp-content\/uploads\/2024\/07\/Verbinder_0111.jpg\" class=\"attachment-large size-large wp-image-1118\" alt=\"\" srcset=\"https:\/\/www.vomed.de\/wp-content\/uploads\/2024\/07\/Verbinder_0111.jpg 1000w, https:\/\/www.vomed.de\/wp-content\/uploads\/2024\/07\/Verbinder_0111-300x200.jpg 300w, https:\/\/www.vomed.de\/wp-content\/uploads\/2024\/07\/Verbinder_0111-768x512.jpg 768w\" sizes=\"(max-width: 750px) 100vw, 750px\" style=\"width:100%;height:66.7%;max-width:1000px\" \/>\t\t\t\t\t\t\t\t\t\t\t\t\t\t\t<\/div>\n\t\t\t\t<\/div>\n\t\t\t\t<\/div>\n\t\t<div class=\"elementor-element elementor-element-a312e2c e-con-full e-flex e-con e-child\" data-id=\"a312e2c\" data-element_type=\"container\">\n\t\t\t\t<div class=\"elementor-element elementor-element-e8265a7 elementor-widget elementor-widget-heading\" data-id=\"e8265a7\" data-element_type=\"widget\" data-widget_type=\"heading.default\">\n\t\t\t\t<div class=\"elementor-widget-container\">\n\t\t\t\t\t<h2 class=\"elementor-heading-title elementor-size-default\">in all areas of surgery<\/h2>\t\t\t\t<\/div>\n\t\t\t\t<\/div>\n\t\t\t\t<div class=\"elementor-element elementor-element-a4c0c25 elementor-widget elementor-widget-heading\" data-id=\"a4c0c25\" data-element_type=\"widget\" data-widget_type=\"heading.default\">\n\t\t\t\t<div class=\"elementor-widget-container\">\n\t\t\t\t\t<h2 class=\"elementor-heading-title elementor-size-default\">Universally applicable<\/h2>\t\t\t\t<\/div>\n\t\t\t\t<\/div>\n\t\t\t\t<div class=\"elementor-element elementor-element-9aae952 elementor-widget elementor-widget-text-editor\" data-id=\"9aae952\" data-element_type=\"widget\" data-widget_type=\"text-editor.default\">\n\t\t\t\t<div class=\"elementor-widget-container\">\n\t\t\t\t\t\t\t\t\t<p>VOMED's Basic.LINE products are used across all \"8 pillars of surgery\". These include the<\/p>\t\t\t\t\t\t\t\t<\/div>\n\t\t\t\t<\/div>\n\t\t\t\t<div class=\"elementor-element elementor-element-c9e42ab elementor-icon-list--layout-traditional elementor-list-item-link-full_width elementor-widget elementor-widget-icon-list\" data-id=\"c9e42ab\" data-element_type=\"widget\" data-widget_type=\"icon-list.default\">\n\t\t\t\t<div class=\"elementor-widget-container\">\n\t\t\t\t\t\t\t<ul class=\"elementor-icon-list-items\">\n\t\t\t\t\t\t\t<li class=\"elementor-icon-list-item\">\n\t\t\t\t\t\t\t\t\t\t\t<span class=\"elementor-icon-list-icon\">\n\t\t\t\t\t\t\t<svg aria-hidden=\"true\" class=\"e-font-icon-svg e-fas-check-circle\" viewbox=\"0 0 512 512\" xmlns=\"http:\/\/www.w3.org\/2000\/svg\"><path d=\"M504 256c0 136.967-111.033 248-248 248S8 392.967 8 256 119.033 8 256 8s248 111.033 248 248zM227.314 387.314l184-184c6.248-6.248 6.248-16.379 0-22.627l-22.627-22.627c-6.248-6.249-16.379-6.249-22.628 0L216 308.118l-70.059-70.059c-6.248-6.248-16.379-6.248-22.628 0l-22.627 22.627c-6.248 6.248-6.248 16.379 0 22.627l104 104c6.249 6.249 16.379 6.249 22.628.001z\"><\/path><\/svg>\t\t\t\t\t\t<\/span>\n\t\t\t\t\t\t\t\t\t\t<span class=\"elementor-icon-list-text\">General surgery<\/span>\n\t\t\t\t\t\t\t\t\t<\/li>\n\t\t\t\t\t\t\t\t<li class=\"elementor-icon-list-item\">\n\t\t\t\t\t\t\t\t\t\t\t<span class=\"elementor-icon-list-icon\">\n\t\t\t\t\t\t\t<svg aria-hidden=\"true\" class=\"e-font-icon-svg e-fas-check-circle\" viewbox=\"0 0 512 512\" xmlns=\"http:\/\/www.w3.org\/2000\/svg\"><path d=\"M504 256c0 136.967-111.033 248-248 248S8 392.967 8 256 119.033 8 256 8s248 111.033 248 248zM227.314 387.314l184-184c6.248-6.248 6.248-16.379 0-22.627l-22.627-22.627c-6.248-6.249-16.379-6.249-22.628 0L216 308.118l-70.059-70.059c-6.248-6.248-16.379-6.248-22.628 0l-22.627 22.627c-6.248 6.248-6.248 16.379 0 22.627l104 104c6.249 6.249 16.379 6.249 22.628.001z\"><\/path><\/svg>\t\t\t\t\t\t<\/span>\n\t\t\t\t\t\t\t\t\t\t<span class=\"elementor-icon-list-text\">Vascular surgery<\/span>\n\t\t\t\t\t\t\t\t\t<\/li>\n\t\t\t\t\t\t\t\t<li class=\"elementor-icon-list-item\">\n\t\t\t\t\t\t\t\t\t\t\t<span class=\"elementor-icon-list-icon\">\n\t\t\t\t\t\t\t<svg aria-hidden=\"true\" class=\"e-font-icon-svg e-fas-check-circle\" viewbox=\"0 0 512 512\" xmlns=\"http:\/\/www.w3.org\/2000\/svg\"><path d=\"M504 256c0 136.967-111.033 248-248 248S8 392.967 8 256 119.033 8 256 8s248 111.033 248 248zM227.314 387.314l184-184c6.248-6.248 6.248-16.379 0-22.627l-22.627-22.627c-6.248-6.249-16.379-6.249-22.628 0L216 308.118l-70.059-70.059c-6.248-6.248-16.379-6.248-22.628 0l-22.627 22.627c-6.248 6.248-6.248 16.379 0 22.627l104 104c6.249 6.249 16.379 6.249 22.628.001z\"><\/path><\/svg>\t\t\t\t\t\t<\/span>\n\t\t\t\t\t\t\t\t\t\t<span class=\"elementor-icon-list-text\">Trauma surgery \/ orthopaedics<\/span>\n\t\t\t\t\t\t\t\t\t<\/li>\n\t\t\t\t\t\t\t\t<li class=\"elementor-icon-list-item\">\n\t\t\t\t\t\t\t\t\t\t\t<span class=\"elementor-icon-list-icon\">\n\t\t\t\t\t\t\t<svg aria-hidden=\"true\" class=\"e-font-icon-svg e-fas-check-circle\" viewbox=\"0 0 512 512\" xmlns=\"http:\/\/www.w3.org\/2000\/svg\"><path d=\"M504 256c0 136.967-111.033 248-248 248S8 392.967 8 256 119.033 8 256 8s248 111.033 248 248zM227.314 387.314l184-184c6.248-6.248 6.248-16.379 0-22.627l-22.627-22.627c-6.248-6.249-16.379-6.249-22.628 0L216 308.118l-70.059-70.059c-6.248-6.248-16.379-6.248-22.628 0l-22.627 22.627c-6.248 6.248-6.248 16.379 0 22.627l104 104c6.249 6.249 16.379 6.249 22.628.001z\"><\/path><\/svg>\t\t\t\t\t\t<\/span>\n\t\t\t\t\t\t\t\t\t\t<span class=\"elementor-icon-list-text\">Thoracic surgery<\/span>\n\t\t\t\t\t\t\t\t\t<\/li>\n\t\t\t\t\t\t\t\t<li class=\"elementor-icon-list-item\">\n\t\t\t\t\t\t\t\t\t\t\t<span class=\"elementor-icon-list-icon\">\n\t\t\t\t\t\t\t<svg aria-hidden=\"true\" class=\"e-font-icon-svg e-fas-check-circle\" viewbox=\"0 0 512 512\" xmlns=\"http:\/\/www.w3.org\/2000\/svg\"><path d=\"M504 256c0 136.967-111.033 248-248 248S8 392.967 8 256 119.033 8 256 8s248 111.033 248 248zM227.314 387.314l184-184c6.248-6.248 6.248-16.379 0-22.627l-22.627-22.627c-6.248-6.249-16.379-6.249-22.628 0L216 308.118l-70.059-70.059c-6.248-6.248-16.379-6.248-22.628 0l-22.627 22.627c-6.248 6.248-6.248 16.379 0 22.627l104 104c6.249 6.249 16.379 6.249 22.628.001z\"><\/path><\/svg>\t\t\t\t\t\t<\/span>\n\t\t\t\t\t\t\t\t\t\t<span class=\"elementor-icon-list-text\">Visceral surgery<\/span>\n\t\t\t\t\t\t\t\t\t<\/li>\n\t\t\t\t\t\t\t\t<li class=\"elementor-icon-list-item\">\n\t\t\t\t\t\t\t\t\t\t\t<span class=\"elementor-icon-list-icon\">\n\t\t\t\t\t\t\t<svg aria-hidden=\"true\" class=\"e-font-icon-svg e-fas-check-circle\" viewbox=\"0 0 512 512\" xmlns=\"http:\/\/www.w3.org\/2000\/svg\"><path d=\"M504 256c0 136.967-111.033 248-248 248S8 392.967 8 256 119.033 8 256 8s248 111.033 248 248zM227.314 387.314l184-184c6.248-6.248 6.248-16.379 0-22.627l-22.627-22.627c-6.248-6.249-16.379-6.249-22.628 0L216 308.118l-70.059-70.059c-6.248-6.248-16.379-6.248-22.628 0l-22.627 22.627c-6.248 6.248-6.248 16.379 0 22.627l104 104c6.249 6.249 16.379 6.249 22.628.001z\"><\/path><\/svg>\t\t\t\t\t\t<\/span>\n\t\t\t\t\t\t\t\t\t\t<span class=\"elementor-icon-list-text\">Plastic and aesthetic surgery<\/span>\n\t\t\t\t\t\t\t\t\t<\/li>\n\t\t\t\t\t\t\t\t<li class=\"elementor-icon-list-item\">\n\t\t\t\t\t\t\t\t\t\t\t<span class=\"elementor-icon-list-icon\">\n\t\t\t\t\t\t\t<svg aria-hidden=\"true\" class=\"e-font-icon-svg e-fas-check-circle\" viewbox=\"0 0 512 512\" xmlns=\"http:\/\/www.w3.org\/2000\/svg\"><path d=\"M504 256c0 136.967-111.033 248-248 248S8 392.967 8 256 119.033 8 256 8s248 111.033 248 248zM227.314 387.314l184-184c6.248-6.248 6.248-16.379 0-22.627l-22.627-22.627c-6.248-6.249-16.379-6.249-22.628 0L216 308.118l-70.059-70.059c-6.248-6.248-16.379-6.248-22.628 0l-22.627 22.627c-6.248 6.248-6.248 16.379 0 22.627l104 104c6.249 6.249 16.379 6.249 22.628.001z\"><\/path><\/svg>\t\t\t\t\t\t<\/span>\n\t\t\t\t\t\t\t\t\t\t<span class=\"elementor-icon-list-text\">Pediatric surgery<\/span>\n\t\t\t\t\t\t\t\t\t<\/li>\n\t\t\t\t\t\t\t\t<li class=\"elementor-icon-list-item\">\n\t\t\t\t\t\t\t\t\t\t\t<span class=\"elementor-icon-list-icon\">\n\t\t\t\t\t\t\t<svg aria-hidden=\"true\" class=\"e-font-icon-svg e-fas-check-circle\" viewbox=\"0 0 512 512\" xmlns=\"http:\/\/www.w3.org\/2000\/svg\"><path d=\"M504 256c0 136.967-111.033 248-248 248S8 392.967 8 256 119.033 8 256 8s248 111.033 248 248zM227.314 387.314l184-184c6.248-6.248 6.248-16.379 0-22.627l-22.627-22.627c-6.248-6.249-16.379-6.249-22.628 0L216 308.118l-70.059-70.059c-6.248-6.248-16.379-6.248-22.628 0l-22.627 22.627c-6.248 6.248-6.248 16.379 0 22.627l104 104c6.249 6.249 16.379 6.249 22.628.001z\"><\/path><\/svg>\t\t\t\t\t\t<\/span>\n\t\t\t\t\t\t\t\t\t\t<span class=\"elementor-icon-list-text\">Cardiac surgery<\/span>\n\t\t\t\t\t\t\t\t\t<\/li>\n\t\t\t\t\t\t<\/ul>\n\t\t\t\t\t\t<\/div>\n\t\t\t\t<\/div>\n\t\t\t\t<\/div>\n\t\t\t\t<\/div>\n\t\t<div class=\"elementor-element elementor-element-bbc192b e-con-full e-flex e-con e-parent\" data-id=\"bbc192b\" data-element_type=\"container\">\n\t\t<div class=\"elementor-element elementor-element-97d1f85 e-con-full e-flex e-con e-child\" data-id=\"97d1f85\" data-element_type=\"container\" data-settings=\"{&quot;background_background&quot;:&quot;classic&quot;}\">\n\t\t\t\t<div class=\"elementor-element elementor-element-7c80f93 elementor-widget elementor-widget-image\" data-id=\"7c80f93\" data-element_type=\"widget\" data-widget_type=\"image.default\">\n\t\t\t\t<div class=\"elementor-widget-container\">\n\t\t\t\t\t\t\t\t\t\t\t\t\t\t\t<img decoding=\"async\" width=\"800\" height=\"533\" src=\"https:\/\/www.vomed.de\/wp-content\/uploads\/2024\/05\/Kanuelen_0292.jpg\" class=\"attachment-full size-full wp-image-1059\" alt=\"\" srcset=\"https:\/\/www.vomed.de\/wp-content\/uploads\/2024\/05\/Kanuelen_0292.jpg 800w, https:\/\/www.vomed.de\/wp-content\/uploads\/2024\/05\/Kanuelen_0292-300x200.jpg 300w, https:\/\/www.vomed.de\/wp-content\/uploads\/2024\/05\/Kanuelen_0292-768x512.jpg 768w\" sizes=\"(max-width: 800px) 100vw, 800px\" style=\"width:100%;height:66.63%;max-width:800px\" \/>\t\t\t\t\t\t\t\t\t\t\t\t\t\t\t<\/div>\n\t\t\t\t<\/div>\n\t\t\t\t<div class=\"elementor-element elementor-element-e0e0dfe elementor-widget elementor-widget-heading\" data-id=\"e0e0dfe\" data-element_type=\"widget\" data-widget_type=\"heading.default\">\n\t\t\t\t<div class=\"elementor-widget-container\">\n\t\t\t\t\t<h2 class=\"elementor-heading-title elementor-size-default\">The VERESS cannula<\/h2>\t\t\t\t<\/div>\n\t\t\t\t<\/div>\n\t\t\t\t<div class=\"elementor-element elementor-element-8e14341 elementor-widget elementor-widget-heading\" data-id=\"8e14341\" data-element_type=\"widget\" data-widget_type=\"heading.default\">\n\t\t\t\t<div class=\"elementor-widget-container\">\n\t\t\t\t\t<h2 class=\"elementor-heading-title elementor-size-default\">Reduced risk of injury during abdominal surgery.<\/h2>\t\t\t\t<\/div>\n\t\t\t\t<\/div>\n\t\t\t\t<div class=\"elementor-element elementor-element-63fdd34 elementor-widget elementor-widget-text-editor\" data-id=\"63fdd34\" data-element_type=\"widget\" data-widget_type=\"text-editor.default\">\n\t\t\t\t<div class=\"elementor-widget-container\">\n\t\t\t\t\t\t\t\t\t<div class=\"flex flex-grow flex-col max-w-full\"><div class=\"min-h-[20px] text-message flex flex-col items-start gap-3 whitespace-pre-wrap break-words [.text-message+&amp;]:mt-5 overflow-x-auto\" data-message-author-role=\"assistant\" data-message-id=\"7a6fed55-dd69-4008-b109-f668ac82c741\"><div class=\"markdown prose w-full break-words dark:prose-invert light\"><p>The VERESS cannula was developed in 1932 by surgeon J\u00e1nos Veres. It consists of a sharp hollow needle and a blunt stylet. The stylet is retracted during the tissue puncture to prevent internal organ damage and slides forward again after penetration thanks to a spring mechanism.<\/p><p>\u00a0<\/p><p>Gas is supplied via the flow tap, whereby the CO2 introduced lifts the abdominal wall. This makes it easier for the surgeon to place the trocars in the abdominal cavity and reduces the risk of injury to the internal organs. The VERESS cannula is available in lengths from 80 mm to 200 mm.<\/p><\/div><\/div><\/div>\t\t\t\t\t\t\t\t<\/div>\n\t\t\t\t<\/div>\n\t\t\t\t<\/div>\n\t\t<div class=\"elementor-element elementor-element-24cd31e e-con-full e-flex e-con e-child\" data-id=\"24cd31e\" data-element_type=\"container\">\n\t\t\t\t<div class=\"elementor-element elementor-element-a20abc1 elementor-widget elementor-widget-image\" data-id=\"a20abc1\" data-element_type=\"widget\" data-widget_type=\"image.default\">\n\t\t\t\t<div class=\"elementor-widget-container\">\n\t\t\t\t\t\t\t\t\t\t\t\t\t\t\t<img decoding=\"async\" width=\"800\" height=\"533\" src=\"https:\/\/www.vomed.de\/wp-content\/uploads\/2024\/05\/Hahn_0161.jpg\" class=\"attachment-full size-full wp-image-1058\" alt=\"\" srcset=\"https:\/\/www.vomed.de\/wp-content\/uploads\/2024\/05\/Hahn_0161.jpg 800w, https:\/\/www.vomed.de\/wp-content\/uploads\/2024\/05\/Hahn_0161-300x200.jpg 300w, https:\/\/www.vomed.de\/wp-content\/uploads\/2024\/05\/Hahn_0161-768x512.jpg 768w\" sizes=\"(max-width: 800px) 100vw, 800px\" style=\"width:100%;height:66.63%;max-width:800px\" \/>\t\t\t\t\t\t\t\t\t\t\t\t\t\t\t<\/div>\n\t\t\t\t<\/div>\n\t\t\t\t<div class=\"elementor-element elementor-element-8c53005 elementor-widget elementor-widget-heading\" data-id=\"8c53005\" data-element_type=\"widget\" data-widget_type=\"heading.default\">\n\t\t\t\t<div class=\"elementor-widget-container\">\n\t\t\t\t\t<h2 class=\"elementor-heading-title elementor-size-default\">The three-way stopcock<\/h2>\t\t\t\t<\/div>\n\t\t\t\t<\/div>\n\t\t\t\t<div class=\"elementor-element elementor-element-b60e83f elementor-widget elementor-widget-heading\" data-id=\"b60e83f\" data-element_type=\"widget\" data-widget_type=\"heading.default\">\n\t\t\t\t<div class=\"elementor-widget-container\">\n\t\t\t\t\t<h2 class=\"elementor-heading-title elementor-size-default\">For two infusions one after the other or alternately. <\/h2>\t\t\t\t<\/div>\n\t\t\t\t<\/div>\n\t\t\t\t<div class=\"elementor-element elementor-element-7f64b9d elementor-widget elementor-widget-text-editor\" data-id=\"7f64b9d\" data-element_type=\"widget\" data-widget_type=\"text-editor.default\">\n\t\t\t\t<div class=\"elementor-widget-container\">\n\t\t\t\t\t\t\t\t\t<div class=\"flex flex-grow flex-col max-w-full\"><div class=\"min-h-[20px] text-message flex flex-col items-start gap-3 whitespace-pre-wrap break-words [.text-message+&amp;]:mt-5 overflow-x-auto\" data-message-author-role=\"assistant\" data-message-id=\"cb624400-7f75-458f-8888-6dab1c2eb992\"><div class=\"markdown prose w-full break-words dark:prose-invert light\"><p>The three-way valve allows the flow of liquids or gases. The adjustable position of the tap driver allows easy opening and closing in different flow directions.<\/p><p>\u00a0<\/p><p>In medical applications, the three-way stopcock enables the patient to receive two infusions one after the other or alternately via an intravenous instrument. In industry, it is used both as a mixing valve and as a distribution valve.<\/p><\/div><\/div><\/div>\t\t\t\t\t\t\t\t<\/div>\n\t\t\t\t<\/div>\n\t\t\t\t<\/div>\n\t\t\t\t<\/div>\n\t\t<div class=\"elementor-element elementor-element-94a370c e-con-full e-flex e-con e-parent\" data-id=\"94a370c\" data-element_type=\"container\">\n\t\t<div class=\"elementor-element elementor-element-cb4b733 e-con-full e-flex e-con e-child\" data-id=\"cb4b733\" data-element_type=\"container\">\n\t\t\t\t<div class=\"elementor-element elementor-element-9c15670 elementor-widget elementor-widget-image\" data-id=\"9c15670\" data-element_type=\"widget\" data-widget_type=\"image.default\">\n\t\t\t\t<div class=\"elementor-widget-container\">\n\t\t\t\t\t\t\t\t\t\t\t\t\t\t\t<img loading=\"lazy\" decoding=\"async\" width=\"750\" height=\"829\" src=\"https:\/\/www.vomed.de\/wp-content\/uploads\/2023\/12\/VOMED_Key_visual-926x1024.jpg\" class=\"attachment-large size-large wp-image-550\" alt=\"\" srcset=\"https:\/\/www.vomed.de\/wp-content\/uploads\/2023\/12\/VOMED_Key_visual-926x1024.jpg 926w, https:\/\/www.vomed.de\/wp-content\/uploads\/2023\/12\/VOMED_Key_visual-271x300.jpg 271w, https:\/\/www.vomed.de\/wp-content\/uploads\/2023\/12\/VOMED_Key_visual-768x849.jpg 768w, https:\/\/www.vomed.de\/wp-content\/uploads\/2023\/12\/VOMED_Key_visual.jpg 1200w\" sizes=\"(max-width: 750px) 100vw, 750px\" style=\"width:100%;height:110.58%;max-width:1200px\" \/>\t\t\t\t\t\t\t\t\t\t\t\t\t\t\t<\/div>\n\t\t\t\t<\/div>\n\t\t\t\t<\/div>\n\t\t<div class=\"elementor-element elementor-element-6e29adc e-con-full e-flex e-con e-child\" data-id=\"6e29adc\" data-element_type=\"container\">\n\t\t\t\t<div class=\"elementor-element elementor-element-5181a10 elementor-widget elementor-widget-heading\" data-id=\"5181a10\" data-element_type=\"widget\" data-widget_type=\"heading.default\">\n\t\t\t\t<div class=\"elementor-widget-container\">\n\t\t\t\t\t<h2 class=\"elementor-heading-title elementor-size-default\">Quality management<\/h2>\t\t\t\t<\/div>\n\t\t\t\t<\/div>\n\t\t\t\t<div class=\"elementor-element elementor-element-003afde elementor-widget elementor-widget-heading\" data-id=\"003afde\" data-element_type=\"widget\" data-widget_type=\"heading.default\">\n\t\t\t\t<div class=\"elementor-widget-container\">\n\t\t\t\t\t<h2 class=\"elementor-heading-title elementor-size-default\">Performance. Passionately precise.<\/h2>\t\t\t\t<\/div>\n\t\t\t\t<\/div>\n\t\t\t\t<div class=\"elementor-element elementor-element-2daeada elementor-widget elementor-widget-text-editor\" data-id=\"2daeada\" data-element_type=\"widget\" data-widget_type=\"text-editor.default\">\n\t\t\t\t<div class=\"elementor-widget-container\">\n\t\t\t\t\t\t\t\t\t<p>Quality management is a central component of our corporate philosophy at VOMED. We are proud that our processes and products meet the highest international standards. As proof of our commitment to quality and customer satisfaction, we are certified in accordance with the DIN EN ISO 13485:2016 standard.<\/p><p>\u00a0<\/p><p>This standard ensures that all aspects of our product development, manufacturing and supply chain are strictly controlled and documented. This holistic approach enables us to ensure that our medical instruments and products meet the most stringent quality standards and guarantee safety and efficacy for our customers.<\/p><p>\u00a0<\/p><p><strong>The most important thing for you: our products come with all the necessary documents.<\/strong><\/p>\t\t\t\t\t\t\t\t<\/div>\n\t\t\t\t<\/div>\n\t\t\t\t<div class=\"elementor-element elementor-element-dd0589b elementor-widget elementor-widget-button\" data-id=\"dd0589b\" data-element_type=\"widget\" data-widget_type=\"button.default\">\n\t\t\t\t<div class=\"elementor-widget-container\">\n\t\t\t\t\t\t\t\t\t<div class=\"elementor-button-wrapper\">\n\t\t\t\t\t<a class=\"elementor-button elementor-button-link elementor-size-sm elementor-animation-shrink\" href=\"http:\/\/vomed.kreativision.net\/wp-content\/uploads\/2024\/07\/vomed_zertifikat_2026.pdf\" target=\"_blank\">\n\t\t\t\t\t\t<span class=\"elementor-button-content-wrapper\">\n\t\t\t\t\t\t\t\t\t<span class=\"elementor-button-text\">Certificate DIN EN ISO 13485:2016<\/span>\n\t\t\t\t\t<\/span>\n\t\t\t\t\t<\/a>\n\t\t\t\t<\/div>\n\t\t\t\t\t\t\t\t<\/div>\n\t\t\t\t<\/div>\n\t\t\t\t<\/div>\n\t\t\t\t<\/div>\n\t\t\t\t<\/div>","protected":false},"excerpt":{"rendered":"<p>dauerhafte Qualit\u00e4t BASIC.LINE f\u00fcr jede Anforderung Medizinische H\u00e4hne und Verbindungsst\u00fccke Unsere Basic.Line pr\u00e4sentiert eine Auswahl an standardisierten Instrumenten, die sich auf minimal-invasive Chirurgie spezialisiert haben. Hergestellt aus hochwertigem vernickeltem bzw. verchromtem Messing, Edelstahl und gelegentlich Kunststoff, bieten diese Instrumente eine ausgezeichnete Balance zwischen Qualit\u00e4t und Wirtschaftlichkeit. Durch ihre Wiederverwendbarkeit, einfache Handhabung und Wartungsfreundlichkeit stellen sie&hellip; <a class=\"more-link\" href=\"https:\/\/www.vomed.de\/en\/basic-line\/\">Continue reading <span class=\"screen-reader-text\">Basic.Line<\/span><\/a><\/p>","protected":false},"author":1,"featured_media":0,"parent":0,"menu_order":0,"comment_status":"closed","ping_status":"closed","template":"elementor_header_footer","meta":{"footnotes":""},"class_list":["post-200","page","type-page","status-publish","hentry","entry"],"_links":{"self":[{"href":"https:\/\/www.vomed.de\/en\/wp-json\/wp\/v2\/pages\/200","targetHints":{"allow":["GET"]}}],"collection":[{"href":"https:\/\/www.vomed.de\/en\/wp-json\/wp\/v2\/pages"}],"about":[{"href":"https:\/\/www.vomed.de\/en\/wp-json\/wp\/v2\/types\/page"}],"author":[{"embeddable":true,"href":"https:\/\/www.vomed.de\/en\/wp-json\/wp\/v2\/users\/1"}],"replies":[{"embeddable":true,"href":"https:\/\/www.vomed.de\/en\/wp-json\/wp\/v2\/comments?post=200"}],"version-history":[{"count":124,"href":"https:\/\/www.vomed.de\/en\/wp-json\/wp\/v2\/pages\/200\/revisions"}],"predecessor-version":[{"id":1201,"href":"https:\/\/www.vomed.de\/en\/wp-json\/wp\/v2\/pages\/200\/revisions\/1201"}],"wp:attachment":[{"href":"https:\/\/www.vomed.de\/en\/wp-json\/wp\/v2\/media?parent=200"}],"curies":[{"name":"wp","href":"https:\/\/api.w.org\/{rel}","templated":true}]}}